{"id":331,"date":"2025-06-05T20:42:08","date_gmt":"2025-06-05T20:42:08","guid":{"rendered":"https:\/\/speltavita.hu\/?post_type=product&#038;p=331"},"modified":"2025-07-02T14:48:41","modified_gmt":"2025-07-02T14:48:41","slug":"speltavita-immuno","status":"publish","type":"product","link":"https:\/\/speltavita.hu\/sr\/product-2\/speltavita-immuno\/","title":{"rendered":"SpeltaVita Immuno+"},"content":{"rendered":"<h2><strong>\u0160ta je Spelta Vita IMMUNO+ ?<a href=\"https:\/\/speltavita.hu\/wp-content\/uploads\/2025\/06\/Speltina-trava.jpg\"><img fetchpriority=\"high\" decoding=\"async\" class=\"alignright wp-image-670 size-medium\" src=\"https:\/\/speltavita.hu\/wp-content\/uploads\/2025\/06\/Speltina-trava-300x214.jpg\" alt=\"\" width=\"300\" height=\"214\" srcset=\"https:\/\/speltavita.hu\/wp-content\/uploads\/2025\/06\/Speltina-trava-300x214.jpg 300w, https:\/\/speltavita.hu\/wp-content\/uploads\/2025\/06\/Speltina-trava-18x12.jpg 18w, https:\/\/speltavita.hu\/wp-content\/uploads\/2025\/06\/Speltina-trava.jpg 569w\" sizes=\"(max-width: 300px) 100vw, 300px\" \/><\/a><\/strong><\/h2>\n<p data-start=\"58\" data-end=\"334\">Spelta Vita IMMUNO+, je na\u0161 dijetetski proizvod, dodatak ishrani u kapsulama, koji sadr\u017ei liofilizovani zeleni sok od herbe spelte organskog porekla sa dodatkom vitamina D3, cinka i selena. Spelta Vita IMMUNO+ namenjen je ja\u010danju imuniteta.<\/p>\n<h2 data-start=\"336\" data-end=\"860\">Za\u0161to Spelta Vita Immuno+?<\/h2>\n<p data-start=\"52\" data-end=\"417\" class=\"translation-block\"><a href=\"https:\/\/speltavita.hu\/wp-content\/uploads\/2025\/06\/spelta-kapsila-i-Klementina.jpg\" target=\"_self\"><img loading=\"lazy\" class=\"wp-image-669 size-medium alignleft\" src=\"https:\/\/speltavita.hu\/wp-content\/uploads\/2025\/06\/spelta-kapsila-i-Klementina-200x300.jpg\" alt=\"\" width=\"200\" height=\"300\" srcset=\"https:\/\/speltavita.hu\/wp-content\/uploads\/2025\/06\/spelta-kapsila-i-Klementina-200x300.jpg 200w, https:\/\/speltavita.hu\/wp-content\/uploads\/2025\/06\/spelta-kapsila-i-Klementina-8x12.jpg 8w, https:\/\/speltavita.hu\/wp-content\/uploads\/2025\/06\/spelta-kapsila-i-Klementina.jpg 600w\" sizes=\"(max-width: 200px) 100vw, 200px\"><\/a>Spelta Vita IMMUNO+ je kombinacija liofilizovanog zelenog soka p\u0161eni\u010dne trave spelte organskog porekla, sa dodatkom vitamina D, cinka i selena, u kapsuli. Ovaj proizvod je bogat prirodnim mineralima, hlorofilom, enzimima i vitaminima koji umornom telu daju energiju, dok ga dodaci \u010dine jedinstvenim na tr\u017ei\u0161tu.<\/p>\n<p data-start=\"419\" data-end=\"624\"><strong>Lako se konzumira i idealno je re\u0161enje za svaku priliku, \u010dak i ljudima koji su osetljivi na ukus p\u0161eni\u010dnog soka.<\/strong><br data-start=\"528\" data-end=\"531\" \/>Spelta Vita IMMUNO+ je dodatak zdravoj ishrani. Ima druga\u010dije dejstvo na svaki organizam. Zbog svojih sastojaka delotvorno deluje na na\u0161 imuni sistem i odstranjuje \u0161tetne materije iz na\u0161eg tela. Reguli\u0161e probavu, pobolj\u0161ava fizi\u010dku i mentalnu snagu, poma\u017ee kod alkalizacije tela i kod malokrvnosti. Da organizam za\u0161titimo od virusa, bakterija i razvoja drugih bolesti, neophodno je da unesemo sve hranljive materije koje organizam svakodnevno tro\u0161i. Spelta Vita IMMUNO+ ima podmla\u0111uju\u0107e dejstvo na na\u0161 organizam.<\/p>\n<h2 data-start=\"814\" data-end=\"1041\">Dejstvo<\/h2>\n<p data-start=\"59\" data-end=\"655\"><strong data-start=\"59\" data-end=\"161\">Spelta Vita IMMUNO+ je skup prirodnih vitamina, minerala i hlorofila.<\/strong><br data-start=\"161\" data-end=\"164\" \/>Jedan od glavnih sastojaka Spelta Vita IMMUNO+ je hlorofil koji, osim \u0161to Zelenom soku od spelte daje boju, pru\u017ea na\u0161em telu veliku koli\u010dinu kiseonika i stvara baznu sredinu, zbog \u010dega ga nazivaju i te\u010dnim kiseonikom.<br data-start=\"398\" data-end=\"401\" \/>Molekularna struktura hlorofila koji se nalazi u biljkama pokazuje veliku sli\u010dnost sa hemoglobinom koji se nalazi u krvi i raznosi kiseonik po telu. To je prirodni antioksidant. Hlorofil nije vitamin, ali je va\u017ean u optimalnoj ishrani.<\/p>\n<p data-start=\"657\" data-end=\"939\"><strong data-start=\"657\" data-end=\"737\">Spelta sadr\u017ei u idealnom odnosu proteine, ugljene hidrate i masti.<\/strong><br data-start=\"737\" data-end=\"740\" \/>Visok sadr\u017eaj proteina je \u010dini \u017eitaricom izbora kod osoba koje imaju probleme sa varenjem, sportista i osoba koje se bave intenzivnom fizi\u010dkom aktivno\u0161\u0107u gde je potrebno odr\u017eavanje mi\u0161i\u0107ne mase.<\/p>\n<p data-start=\"941\" data-end=\"1182\" class=\"translation-block\">Dobar je izvor vitamina, pogotovo vitamina B kompleksa: <strong>B1, B2, B3, B6, B9 i vitamina K,<\/strong> minerala: <strong>magnezijum, cink, gvo\u017e\u0111e, mangan, bakar i selen<\/strong> i rastvornih biljnih vlakana koja se lako resorbuju.<\/p>\n<p data-start=\"1184\" data-end=\"1468\">Ugljeni hidrati iz spelte su slo\u017eene gra\u0111e i zna\u010dajan \u010dinilac koagulacije i stimulacije imunskog sistema \u010doveka.<br data-start=\"1297\" data-end=\"1300\" \/><strong data-start=\"1300\" data-end=\"1466\">Spelta reguli\u0161e metabolizam, poma\u017ee u stvaranju hormona, ja\u010da kosti, pobolj\u0161ava imunitet, smanjuje \u0161e\u0107er u krvi i reguli\u0161e holesterol.<\/strong><\/p>\n<p data-start=\"1470\" data-end=\"1888\" class=\"translation-block\">Dijetetska vlakna spelte poma\u017eu smanjivanju nivoa LDL u krvi, tako \u0161to blokiraju apsorpciju holesterola iz hrane. Niacin-vitamin B3, koji se nalazi u spelti u znatnoj koli\u010dini, klju\u010dan je za normalan rad \u017elezda, a posebno je bitan za proizvodnju polnih hormona. Spelta ima pozitivnu ulogu u regulaciji hormona i kreatina. Zbog sadr\u017eaja bakra i gvo\u017e\u0111a pobolj\u0161ava cirkulaciju.<\/p>\n<h3 data-start=\"867\" data-end=\"1597\">Upozorenje<\/h3>\n<p data-start=\"867\" data-end=\"1597\">Ne prelazite preporu\u010denu dnevnu dozu. Konzumacija dodatka ishrani ne mo\u017ee zameniti uravnote\u017eenu i raznovrsnu ishranu, niti zdrav na\u010din \u017eivota. \u010cuvati van doma\u0161aja dece!<br \/>\nUpotreba proizvoda nije preporu\u010dljiva osobama koje su preosetljive na bilo koji od sastojaka proizvoda. Tako\u0111e, proizvod se ne preporu\u010duje trudnicama, dojiljama i deci mla\u0111oj od 3 godine.<\/p>\n<p data-start=\"867\" data-end=\"1597\"><strong>Osobe na antikoagulantnoj terapiji, osetljive na vitamin K, pre upotrebe treba da konsultuju svog lekara.<\/strong><\/p>\n<p data-start=\"1043\" data-end=\"1078\">","protected":false},"excerpt":{"rendered":"<div class=\"elementor-element elementor-element-ab1a029 elementor-widget elementor-widget-text-editor\" data-id=\"ab1a029\" data-element_type=\"widget\" data-widget_type=\"text-editor.default\">\n<div class=\"elementor-widget-container\">\n<div class=\"elementor-element elementor-element-d77452e elementor-widget__width-initial elementor-widget elementor-widget-heading\" data-id=\"d77452e\" data-element_type=\"widget\" data-widget_type=\"heading.default\">\n<div class=\"elementor-widget-container\">\n<p class=\"elementor-heading-title elementor-size-default\">Ko ne voli Speltu da pije, to mu vi\u0161e problem nije. \n\nNeka stave osmeh na lice, evo na\u0161e nove kapsulice.<\/p>\n<div>100% prirodan dodatak ishrani. Imunitet, snaga vitalnost!<\/div>\n<\/div>\n<\/div>\n<div class=\"elementor-element elementor-element-a796119 elementor-widget elementor-widget-text-editor\" data-id=\"a796119\" data-element_type=\"widget\" data-widget_type=\"text-editor.default\">\n<div class=\"elementor-widget-container\">\n<ul>\n<li>Liofilizovani sok od spelte poma\u017ee alkalizaciju tela, ja\u010da imuni sistem, popravlja krvnu sliku,  \u0161titi nas od virusa i bakterija, pobolj\u0161ava cirkulaciju,  poma\u017ee u stvaranju hormona,  ja\u010da kosti i uti\u010de na normalan rad \u017elezda.<\/li>\n<li>Vitamin D doprinosi \u0107elijskoj deobi, normalnoj apsorpciji i iskori\u0161\u0107enju kalcijuma i fosfora, normalnom nivou kalcijuma u krvi, odr\u017eavanju normalne mi\u0161i\u0107ne funkcije i odr\u017eavanju normalnih kostiju i zuba.<\/li>\n<li>Vitamin D, cink i selen ja\u010daju imuni sistem. Cink i selen doprinose za\u0161titi \u0107elija od oksidativnog stresa.<\/li>\n<li>Cink doprinosi normalnoj plodnosti i reprodukciji, \u0107elijskoj deobi, normalnoj DNK sintezi, normalnoj sintezi proteina, odr\u017eavanju normalnog nivoa testosterona u krvi i smanjuje rezistenciju na insulin<\/li>\n<li>Selen doprinosi normalnoj  funkciji \u0161titaste \u017elezde.<\/li>\n<\/ul>\n<p>Pakovanje sadr\u017ei 30 kapsula. Preporu\u010denu dnevna doza: 2-4 kapsula.<\/p>\n<\/div>\n<\/div>\n<\/div>\n<\/div>\n<div class=\"elementor-element elementor-element-161eb6b elementor-widget elementor-widget-image\" data-id=\"161eb6b\" data-element_type=\"widget\" data-widget_type=\"image.default\">\n<div class=\"elementor-widget-container\"><img decoding=\"async\" class=\"attachment-large size-large wp-image-286\" src=\"https:\/\/speltavita.hu\/wp-content\/uploads\/2025\/07\/Icon-HR.png\" sizes=\"(max-width: 640px) 100vw, 640px\" srcset=\"https:\/\/speltavita.hu\/wp-content\/uploads\/2025\/07\/Icon-HR.png 1904w, https:\/\/speltavita.hu\/wp-content\/uploads\/2025\/07\/Icon-HR-300x50.png 300w, https:\/\/speltavita.hu\/wp-content\/uploads\/2025\/07\/Icon-HR-1024x170.png 1024w, https:\/\/speltavita.hu\/wp-content\/uploads\/2025\/07\/Icon-HR-768x128.png 768w, https:\/\/speltavita.hu\/wp-content\/uploads\/2025\/07\/Icon-HR-1536x256.png 1536w, https:\/\/speltavita.hu\/wp-content\/uploads\/2025\/07\/Icon-HR-18x3.png 18w, https:\/\/speltavita.hu\/wp-content\/uploads\/2025\/07\/Icon-HR-600x100.png 600w\" alt=\"\" width=\"640\" height=\"125\" \/><\/div>\n<div>Cene su izra\u017eene sa PDV-om.<\/div>\n<\/div>","protected":false},"featured_media":596,"comment_status":"closed","ping_status":"closed","template":"","meta":{"solace_meta_sidebar":"","solace_meta_container":"","solace_meta_enable_content_width":"off","solace_meta_content_width":100,"solace_meta_title_alignment":"","solace_meta_author_avatar":"","solace_post_elements_order":"","solace_meta_disable_header":"","solace_meta_disable_footer":"","solace_meta_disable_title":""},"product_brand":[],"product_cat":[36],"product_tag":[],"class_list":{"0":"post-331","1":"product","2":"type-product","3":"status-publish","4":"has-post-thumbnail","6":"product_cat-speltavita","8":"first","9":"outofstock","10":"taxable","11":"shipping-taxable","12":"purchasable","13":"product-type-simple"},"_links":{"self":[{"href":"https:\/\/speltavita.hu\/sr\/wp-json\/wp\/v2\/product\/331","targetHints":{"allow":["GET"]}}],"collection":[{"href":"https:\/\/speltavita.hu\/sr\/wp-json\/wp\/v2\/product"}],"about":[{"href":"https:\/\/speltavita.hu\/sr\/wp-json\/wp\/v2\/types\/product"}],"replies":[{"embeddable":true,"href":"https:\/\/speltavita.hu\/sr\/wp-json\/wp\/v2\/comments?post=331"}],"wp:featuredmedia":[{"embeddable":true,"href":"https:\/\/speltavita.hu\/sr\/wp-json\/wp\/v2\/media\/596"}],"wp:attachment":[{"href":"https:\/\/speltavita.hu\/sr\/wp-json\/wp\/v2\/media?parent=331"}],"wp:term":[{"taxonomy":"product_brand","embeddable":true,"href":"https:\/\/speltavita.hu\/sr\/wp-json\/wp\/v2\/product_brand?post=331"},{"taxonomy":"product_cat","embeddable":true,"href":"https:\/\/speltavita.hu\/sr\/wp-json\/wp\/v2\/product_cat?post=331"},{"taxonomy":"product_tag","embeddable":true,"href":"https:\/\/speltavita.hu\/sr\/wp-json\/wp\/v2\/product_tag?post=331"}],"curies":[{"name":"wp","href":"https:\/\/api.w.org\/{rel}","templated":true}]}}