{"id":328,"date":"2025-06-05T20:38:45","date_gmt":"2025-06-05T20:38:45","guid":{"rendered":"https:\/\/speltavita.hu\/?post_type=product&#038;p=328"},"modified":"2026-03-19T14:24:26","modified_gmt":"2026-03-19T14:24:26","slug":"speltavita-instant-30","status":"publish","type":"product","link":"https:\/\/speltavita.hu\/sr\/product-2\/speltavita-instant-30\/","title":{"rendered":"SpeltaVita Instant 30"},"content":{"rendered":"<h2><strong>\u0160ta je Spelta Vita Instant?<\/strong><\/h2>\n<p data-start=\"58\" data-end=\"334\" class=\"translation-block\">Kako bi olak\u0161ali transport i konzumaciju <strong>originalnog zelenog soka od spelte<\/strong> liofilizovali smo ga. <a href=\"https:\/\/speltavita.hu\/wp-content\/uploads\/2025\/06\/Liofilizovani-sok-od-speltine-trave.jpg\" target=\"_self\"><img loading=\"lazy\" class=\"alignright wp-image-666 size-full\" src=\"https:\/\/speltavita.hu\/wp-content\/uploads\/2025\/06\/Liofilizovani-sok-od-speltine-trave.jpg\" alt=\"\" width=\"515\" height=\"344\" srcset=\"https:\/\/speltavita.hu\/wp-content\/uploads\/2025\/06\/Liofilizovani-sok-od-speltine-trave.jpg 515w, https:\/\/speltavita.hu\/wp-content\/uploads\/2025\/06\/Liofilizovani-sok-od-speltine-trave-300x200.jpg 300w, https:\/\/speltavita.hu\/wp-content\/uploads\/2025\/06\/Liofilizovani-sok-od-speltine-trave-18x12.jpg 18w\" sizes=\"(max-width: 515px) 100vw, 515px\"><\/a><\/strong><br data-start=\"163\" data-end=\"166\">\n Liofilizacijom pretvorili smo <strong>zeleni sok u prah,<\/strong> pri \u010demu smo uspeli da sa\u010duvamo sve vitamine, minerale, enzime, aminokiseline i hlorfil sadr\u017eane u soku.<\/p>\n<p data-start=\"336\" data-end=\"860\" class=\"translation-block\">Zeleni sok od spelte je sladunjav sok koji se dobija hladnim i sporim ce\u0111enjem mladih klica i listova p\u0161enice spelte, nakon \u010dega se napitak brzo zamrzava. Finalni oblik proizvoda dobija se liofilizacijom. Proces se odvija tako \u0161to se duboko zamrznuta sirovina unosi u komoru za liofilizaciju gde se su\u0161enje odvija u apsolutnom vakumu pri temperaturama od -40 do -50 C. Voda iz sirovine se izdvaja sublimacijom, \u010dime se omogu\u0107ava dugotrajno o\u010duvanje osnovnih organolepti\u010dkih svojstava mnogih namirnica.<\/p>\n<h2 data-start=\"336\" data-end=\"860\">Za\u0161to Spelta Vita Instant?<\/h2>\n<p data-start=\"44\" data-end=\"388\"><a href=\"https:\/\/speltavita.hu\/wp-content\/uploads\/2025\/06\/Speltina-trava-i-Klementina.jpg\"><img decoding=\"async\" class=\"alignleft wp-image-667 size-medium\" src=\"https:\/\/speltavita.hu\/wp-content\/uploads\/2025\/06\/Speltina-trava-i-Klementina-300x200.jpg\" alt=\"\" width=\"300\" height=\"200\" srcset=\"https:\/\/speltavita.hu\/wp-content\/uploads\/2025\/06\/Speltina-trava-i-Klementina-300x200.jpg 300w, https:\/\/speltavita.hu\/wp-content\/uploads\/2025\/06\/Speltina-trava-i-Klementina-768x513.jpg 768w, https:\/\/speltavita.hu\/wp-content\/uploads\/2025\/06\/Speltina-trava-i-Klementina-18x12.jpg 18w, https:\/\/speltavita.hu\/wp-content\/uploads\/2025\/06\/Speltina-trava-i-Klementina-600x400.jpg 600w, https:\/\/speltavita.hu\/wp-content\/uploads\/2025\/06\/Speltina-trava-i-Klementina.jpg 821w\" sizes=\"(max-width: 300px) 100vw, 300px\" \/><\/a>Spelta Vita INSTANT je sladunjav napitak koji se dobija liofilizacijom zelenog soka herbe spelte organskog porekla. Ovako dobijen napitak je bogat prirodnim mineralima, hlorofilom i vitaminima koji umornom telu daje energiju. Lako se priprema i idealno je re\u0161enje u svakoj prilici. Dodatak je zdravoj ishrani. Da bismo telo odr\u017eavali u dobrom stanju neophodno je da mu damo sve hranljive materije koje svakodnevno tro\u0161imo. Spelta u idealnom odnosu sadr\u017ei proteine, ugljene hidrate i masti.<\/p>\n<p data-start=\"44\" data-end=\"388\" class=\"translation-block\"><strong>Spelta Vita INSTANT ima osve\u017eavaju\u0107e i podmla\u0111uju\u0107e dejstvo na na\u0161 organizam.<\/strong> Poma\u017ee kod alkalizacije tela i kod malokrvnosti. Reguli\u0161e probavu, pobolj\u0161ava fizi\u010dku i mentalnu snagu. Visok sadr\u017eaj proteina \u010dini speltu idealnom \u017eitaricom za osobe koje imaju problema sa varenjem, za sportiste i osobe koja se bave intenzivnom fizi\u010dkom aktivno\u0161\u0107u gde je potrebno odr\u017eavanje mi\u0161i\u0107ne mase, kao i za osobe koje su na dijetalnoj ishrani.<\/p>\n<p data-start=\"390\" data-end=\"595\" class=\"translation-block\"><strong>Ima druga\u010dije dejstvo na svaki organizam.<\/strong><\/p>\n<h2 data-start=\"814\" data-end=\"1041\">Dejstvo<\/h2>\n<p data-start=\"62\" data-end=\"516\"><strong data-start=\"62\" data-end=\"167\">SpeltaVita INSTANT sadr\u017ei prirodne vitamine, minerale, enzime, mikroelemente i hlorolfil<\/strong><br data-start=\"167\" data-end=\"170\" \/>Hlorofil pru\u017ea na\u0161em telu veliku koli\u010dinu kiseonika i stvara baznu sredinu, zbog \u010dega ga nazivaju i te\u010dnim kiseonikom.<br data-start=\"311\" data-end=\"314\" \/>Molekularna struktura hlorofila koji se nalazi u biljkama pokazuje veliku sli\u010dnost sa hemoglobinom koji se nalazi u krvi i raznosi kiseonik po telu. To je prirodni antioksidant.<a href=\"https:\/\/speltavita.hu\/wp-content\/uploads\/2025\/06\/Front-Mock-Up-HU-30-Instant-e1751303831993.png\"><img decoding=\"async\" class=\"alignright wp-image-531 size-large\" src=\"https:\/\/speltavita.hu\/wp-content\/uploads\/2025\/06\/Front-Mock-Up-HU-30-Instant-1024x911.png\" alt=\"\" width=\"640\" height=\"569\" \/><\/a><\/p>\n<p data-start=\"518\" data-end=\"678\" class=\"translation-block\"><strong>Spelta Vita INSTANT sadr\u017ei balans prirodnih vitamina, naro\u010dito vitamina B kompleksa: B1, B2, B3, B6, B9 i vitamina K.<\/strong><\/p>\n<p data-start=\"867\" data-end=\"1597\">Spelta Vita INSTANT je bogat izvor minerala: magnezijuma, cinka, gvo\u017e\u0111a, mangana, bakra i selena i rastvornih biljnih vlakana koja se lako resorbuju.<br data-start=\"1152\" data-end=\"1155\" \/>pelta reguli\u0161e metabolizam, poma\u017ee u stvaranju hormona, ja\u010da kosti, pobolj\u0161ava imunitet, smanjuje \u0161e\u0107er u krvi i reguli\u0161e holesterol. Dijetetska vlakna spelte poma\u017eu smanjivanju nivoa LDL u krvi.<br data-start=\"1407\" data-end=\"1410\" \/>Niacin-vitamin B3, koji se nalazi u spelti u znatnoj koli\u010dini, klju\u010dan je za normalan rad \u017elezda, a posebno je bitan za proizvodnju polnih hormona. Spelta ima pozitivnu ulogu u regulaciji hormona i kreatina.<br data-start=\"1471\" data-end=\"1474\" \/>Zbog sadr\u017eaja bakra i gvo\u017e\u0111a pobolj\u0161ava cirkulaciju. Ugljeni hidrati iz spelte su slo\u017eene gra\u0111e i zna\u010dajan \u010dinilac koagulacije i stimulacije imunskog sistema \u010doveka.<\/p>\n<h3 data-start=\"867\" data-end=\"1597\">Upozorenje<\/h3>\n<p data-start=\"867\" data-end=\"1597\">Ne prelazite preporu\u010denu dnevnu dozu. Konzumacija dodatka ishrani ne mo\u017ee zameniti uravnote\u017eenu i raznovrsnu ishranu, niti zdrav na\u010din \u017eivota. \u010cuvati van doma\u0161aja dece!<br \/>\nUpotreba proizvoda nije preporu\u010dljiva osobama koje su preosetljive na bilo koji od sastojaka proizvoda. Tako\u0111e, proizvod se ne preporu\u010duje trudnicama, dojiljama i deci mla\u0111oj od 3 godine.<\/p>\n<p data-start=\"867\" data-end=\"1597\"><strong>Osobe na antikoagulantnoj terapiji, osetljive na vitamin K, pre upotrebe treba da konsultuju svog lekara.<\/strong><\/p>\n<p data-start=\"1043\" data-end=\"1078\">","protected":false},"excerpt":{"rendered":"<div class=\"elementor-element elementor-element-3b7965a elementor-widget elementor-widget-text-editor\" data-id=\"3b7965a\" data-element_type=\"widget\" data-widget_type=\"text-editor.default\">\n<div class=\"elementor-widget-container\">\n<div class=\"elementor-element elementor-element-cfdf2ca elementor-widget elementor-widget-heading\" data-id=\"cfdf2ca\" data-element_type=\"widget\" data-widget_type=\"heading.default\">\n<div class=\"elementor-widget-container\">\n<div>Liofilizovani hladnoce\u0111eni sok je 24 puta koncentrovani ekstrakt Speltine p\u0161eni\u010dne trave.<\/div>\n<\/div>\n<\/div>\n<div class=\"elementor-element elementor-element-d77452e elementor-widget__width-initial elementor-widget elementor-widget-heading\" data-id=\"d77452e\" data-element_type=\"widget\" data-widget_type=\"heading.default\">\n<div class=\"elementor-widget-container\">\n<div>100% prirodan dodatak ishrani. Imunitet, snaga vitalnost!<\/div>\n<\/div>\n<\/div>\n<div class=\"elementor-element elementor-element-a796119 elementor-widget elementor-widget-text-editor\" data-id=\"a796119\" data-element_type=\"widget\" data-widget_type=\"text-editor.default\">\n<div class=\"elementor-widget-container\">\n<ul>\n<li>Sadr\u017ei prirodne vitamine, minerale, enzime, mikroelemente i hlorolfil<\/li>\n<li>Popravlja krvnu sliku, umiruje nervni sistem, \u0161titi nas od virusa i bakterija<\/li>\n<li>Poma\u017ee alkalizaciju tela, ja\u010da imuni sistem i organizmu pru\u017ea energiju<\/li>\n<li>Pobolj\u0161ava cirkulaciju, reguli\u0161e metabolizam, poma\u017ee u stvaranju hormona<\/li>\n<li>Ja\u010da kosti, reguli\u0161e holesterol, uti\u010de na normalan rad \u017elezda<\/li>\n<\/ul>\n<p>Pakovanje sadr\u017ei 30 kesica. Preporu\u010deni dnevni unos: 0,5 do 1 kesica, maksimalno 4 kesice dnevno.<\/p>\n<p><a href=\"https:\/\/speltavita.hu\/wp-content\/uploads\/2025\/07\/Icon-HR.png\"><img loading=\"lazy\" decoding=\"async\" class=\"wp-image-661 alignleft\" src=\"https:\/\/speltavita.hu\/wp-content\/uploads\/2025\/07\/Icon-HR.png\" alt=\"\" width=\"834\" height=\"139\" srcset=\"https:\/\/speltavita.hu\/wp-content\/uploads\/2025\/07\/Icon-HR.png 1904w, https:\/\/speltavita.hu\/wp-content\/uploads\/2025\/07\/Icon-HR-300x50.png 300w, https:\/\/speltavita.hu\/wp-content\/uploads\/2025\/07\/Icon-HR-1024x170.png 1024w, https:\/\/speltavita.hu\/wp-content\/uploads\/2025\/07\/Icon-HR-768x128.png 768w, https:\/\/speltavita.hu\/wp-content\/uploads\/2025\/07\/Icon-HR-1536x256.png 1536w, https:\/\/speltavita.hu\/wp-content\/uploads\/2025\/07\/Icon-HR-18x3.png 18w, https:\/\/speltavita.hu\/wp-content\/uploads\/2025\/07\/Icon-HR-600x100.png 600w\" sizes=\"(max-width: 834px) 100vw, 834px\" \/><\/a><\/p>\n<\/div>\n<\/div>\n<\/div>\n<\/div>\n<div class=\"elementor-widget-container\"><\/div>\n<div><\/div>\n<div><\/div>\n<div><\/div>\n<div><\/div>\n<div><\/div>\n<div><\/div>\n<div>\n<p>Broj notifikacije (NNGYK - HU): <strong>37910\/2025<\/strong><\/p>\n<p>Cene su izra\u017eene sa PDV-om.<\/p>\n<\/div>","protected":false},"featured_media":531,"comment_status":"closed","ping_status":"closed","template":"","meta":{"solace_meta_sidebar":"","solace_meta_container":"","solace_meta_enable_content_width":"off","solace_meta_content_width":100,"solace_meta_title_alignment":"","solace_meta_author_avatar":"","solace_post_elements_order":"","solace_meta_disable_header":"","solace_meta_disable_footer":"","solace_meta_disable_title":""},"product_brand":[],"product_cat":[36],"product_tag":[],"class_list":{"0":"post-328","1":"product","2":"type-product","3":"status-publish","4":"has-post-thumbnail","6":"product_cat-speltavita","8":"first","9":"instock","10":"taxable","11":"shipping-taxable","12":"purchasable","13":"product-type-simple"},"_links":{"self":[{"href":"https:\/\/speltavita.hu\/sr\/wp-json\/wp\/v2\/product\/328","targetHints":{"allow":["GET"]}}],"collection":[{"href":"https:\/\/speltavita.hu\/sr\/wp-json\/wp\/v2\/product"}],"about":[{"href":"https:\/\/speltavita.hu\/sr\/wp-json\/wp\/v2\/types\/product"}],"replies":[{"embeddable":true,"href":"https:\/\/speltavita.hu\/sr\/wp-json\/wp\/v2\/comments?post=328"}],"wp:featuredmedia":[{"embeddable":true,"href":"https:\/\/speltavita.hu\/sr\/wp-json\/wp\/v2\/media\/531"}],"wp:attachment":[{"href":"https:\/\/speltavita.hu\/sr\/wp-json\/wp\/v2\/media?parent=328"}],"wp:term":[{"taxonomy":"product_brand","embeddable":true,"href":"https:\/\/speltavita.hu\/sr\/wp-json\/wp\/v2\/product_brand?post=328"},{"taxonomy":"product_cat","embeddable":true,"href":"https:\/\/speltavita.hu\/sr\/wp-json\/wp\/v2\/product_cat?post=328"},{"taxonomy":"product_tag","embeddable":true,"href":"https:\/\/speltavita.hu\/sr\/wp-json\/wp\/v2\/product_tag?post=328"}],"curies":[{"name":"wp","href":"https:\/\/api.w.org\/{rel}","templated":true}]}}