{"id":64,"date":"2025-06-02T11:15:54","date_gmt":"2025-06-02T11:15:54","guid":{"rendered":"https:\/\/speltavita.hu\/contact\/"},"modified":"2025-07-24T12:52:22","modified_gmt":"2025-07-24T12:52:22","slug":"contact","status":"publish","type":"page","link":"https:\/\/speltavita.hu\/sr\/contact\/","title":{"rendered":"Contact"},"content":{"rendered":"<div data-elementor-type=\"wp-page\" data-elementor-id=\"64\" class=\"elementor elementor-64\">\n\t\t\t\t<div class=\"elementor-element elementor-element-3a6fb5f2 e-flex e-con-boxed e-con e-parent\" data-id=\"3a6fb5f2\" data-element_type=\"container\" data-e-type=\"container\" data-settings=\"{&quot;background_background&quot;:&quot;classic&quot;}\">\n\t\t\t\t\t<div class=\"e-con-inner\">\n\t\t<div class=\"elementor-element elementor-element-681e759a e-flex e-con-boxed e-con e-child\" data-id=\"681e759a\" data-element_type=\"container\" data-e-type=\"container\">\n\t\t\t\t\t<div class=\"e-con-inner\">\n\t\t<div class=\"elementor-element elementor-element-38c4e6f2 e-flex e-con-boxed e-con e-child\" data-id=\"38c4e6f2\" data-element_type=\"container\" data-e-type=\"container\" data-settings=\"{&quot;background_background&quot;:&quot;classic&quot;}\">\n\t\t\t\t\t<div class=\"e-con-inner\">\n\t\t<div class=\"elementor-element elementor-element-10c926db e-con-full e-flex e-con e-child\" data-id=\"10c926db\" data-element_type=\"container\" data-e-type=\"container\">\n\t\t\t\t<div class=\"elementor-element elementor-element-68ae16b elementor-widget elementor-widget-heading\" data-id=\"68ae16b\" data-element_type=\"widget\" data-e-type=\"widget\" data-widget_type=\"heading.default\">\n\t\t\t\t<div class=\"elementor-widget-container\">\n\t\t\t\t\t<div class=\"elementor-heading-title elementor-size-default\">Kontaktirajte nas<\/div>\t\t\t\t<\/div>\n\t\t\t\t<\/div>\n\t\t\t\t<div class=\"elementor-element elementor-element-cd6fef1 elementor-widget elementor-widget-text-editor\" data-id=\"cd6fef1\" data-element_type=\"widget\" data-e-type=\"widget\" data-widget_type=\"text-editor.default\">\n\t\t\t\t<div class=\"elementor-widget-container\">\n\t\t\t\t\t\t\t\t\t<p>\n<div class=\"wpcf7 no-js\" id=\"wpcf7-f454-o1\" lang=\"hu-HU\" dir=\"ltr\" data-wpcf7-id=\"454\">\n<div class=\"screen-reader-response\"><p role=\"status\" aria-live=\"polite\" aria-atomic=\"true\"><\/p> <ul><\/ul><\/div>\n<form action=\"\/sr\/wp-json\/wp\/v2\/pages\/64#wpcf7-f454-o1\" method=\"post\" class=\"wpcf7-form init\" aria-label=\"Kapcsolatfelv\u00e9teli \u0171rlap\" novalidate=\"novalidate\" data-status=\"init\" data-trp-original-action=\"\/sr\/wp-json\/wp\/v2\/pages\/64#wpcf7-f454-o1\">\n<fieldset class=\"hidden-fields-container\"><input type=\"hidden\" name=\"_wpcf7\" value=\"454\" \/><input type=\"hidden\" name=\"_wpcf7_version\" value=\"6.1.4\" \/><input type=\"hidden\" name=\"_wpcf7_locale\" value=\"hu_HU\" \/><input type=\"hidden\" name=\"_wpcf7_unit_tag\" value=\"wpcf7-f454-o1\" \/><input type=\"hidden\" name=\"_wpcf7_container_post\" value=\"0\" \/><input type=\"hidden\" name=\"_wpcf7_posted_data_hash\" value=\"\" \/>\n<\/fieldset>\n<p><label> Ime<br \/>\n<span class=\"wpcf7-form-control-wrap\" data-name=\"your-name\"><input size=\"40\" maxlength=\"400\" class=\"wpcf7-form-control wpcf7-text wpcf7-validates-as-required\" autocomplete=\"name\" aria-required=\"true\" aria-invalid=\"false\" value=\"\" type=\"text\" name=\"your-name\" \/><\/span> <\/label>\n<\/p>\n<p><label> Email adresa<br \/>\n<span class=\"wpcf7-form-control-wrap\" data-name=\"your-email\"><input size=\"40\" maxlength=\"400\" class=\"wpcf7-form-control wpcf7-email wpcf7-validates-as-required wpcf7-text wpcf7-validates-as-email\" autocomplete=\"email\" aria-required=\"true\" aria-invalid=\"false\" value=\"\" type=\"email\" name=\"your-email\" \/><\/span> <\/label>\n<\/p>\n<p><label> Predmet pisma<br \/>\n<span class=\"wpcf7-form-control-wrap\" data-name=\"your-subject\"><input size=\"40\" maxlength=\"400\" class=\"wpcf7-form-control wpcf7-text wpcf7-validates-as-required\" aria-required=\"true\" aria-invalid=\"false\" value=\"\" type=\"text\" name=\"your-subject\" \/><\/span> <\/label>\n<\/p>\n<p><label> Poruka<br \/>\n<span class=\"wpcf7-form-control-wrap\" data-name=\"your-message\"><textarea cols=\"40\" rows=\"10\" maxlength=\"2000\" class=\"wpcf7-form-control wpcf7-textarea\" aria-invalid=\"false\" name=\"your-message\"><\/textarea><\/span> <\/label>\n<\/p>\n<p><span class=\"wpcf7-form-control-wrap\" data-name=\"acceptance-76\"><span class=\"wpcf7-form-control wpcf7-acceptance\"><span class=\"wpcf7-list-item\"><label><input type=\"checkbox\" name=\"acceptance-76\" value=\"1\" aria-invalid=\"false\" \/><span class=\"wpcf7-list-item-label\">Pro\u010ditao\/la sam i prihvatam <a href=\"https:\/\/speltavita.hu\/en\/adatvedelmi-nyilatkozat\/\" target=\"_blank\">Za\u0161tita privatnosti<\/a> i <a href=\"https:\/\/speltavita.hu\/sr\/aszf\/\" target=\"_blank\">Op\u0161ti uslovi<\/a>.<\/span><\/label><\/span><\/span><\/span>\n<\/p>\n<p><input class=\"wpcf7-form-control wpcf7-submit has-spinner\" type=\"submit\" value=\"Po\u0161alji\" \/>\n<\/p><div class=\"wpcf7-response-output\" aria-hidden=\"true\"><\/div>\n<input type=\"hidden\" name=\"trp-form-language\" value=\"sr\"\/><\/form>\n<\/div>\n<\/p>\t\t\t\t\t\t\t\t<\/div>\n\t\t\t\t<\/div>\n\t\t\t\t<\/div>\n\t\t<div class=\"elementor-element elementor-element-2e8c646 e-con-full e-flex e-con e-child\" data-id=\"2e8c646\" data-element_type=\"container\" data-e-type=\"container\">\n\t\t\t\t<div class=\"elementor-element elementor-element-2ea08749 elementor-widget elementor-widget-heading\" data-id=\"2ea08749\" data-element_type=\"widget\" data-e-type=\"widget\" data-widget_type=\"heading.default\">\n\t\t\t\t<div class=\"elementor-widget-container\">\n\t\t\t\t\t<div class=\"elementor-heading-title elementor-size-default\">Kontakt informacija<\/div>\t\t\t\t<\/div>\n\t\t\t\t<\/div>\n\t\t\t\t<div class=\"elementor-element elementor-element-27e1dfc elementor-widget-divider--view-line elementor-widget elementor-widget-divider\" data-id=\"27e1dfc\" data-element_type=\"widget\" data-e-type=\"widget\" data-widget_type=\"divider.default\">\n\t\t\t\t<div class=\"elementor-widget-container\">\n\t\t\t\t\t\t\t<div class=\"elementor-divider\">\n\t\t\t<span class=\"elementor-divider-separator\">\n\t\t\t\t\t\t<\/span>\n\t\t<\/div>\n\t\t\t\t\t\t<\/div>\n\t\t\t\t<\/div>\n\t\t<div class=\"elementor-element elementor-element-7ef95bb6 e-flex e-con-boxed e-con e-child\" data-id=\"7ef95bb6\" data-element_type=\"container\" data-e-type=\"container\">\n\t\t\t\t\t<div class=\"e-con-inner\">\n\t\t\t\t<div class=\"elementor-element elementor-element-1bf4987f elementor-view-stacked elementor-position-inline-start elementor-tablet-position-block-start elementor-shape-circle elementor-mobile-position-block-start elementor-widget elementor-widget-icon-box\" data-id=\"1bf4987f\" data-element_type=\"widget\" data-e-type=\"widget\" data-widget_type=\"icon-box.default\">\n\t\t\t\t<div class=\"elementor-widget-container\">\n\t\t\t\t\t\t\t<div class=\"elementor-icon-box-wrapper\">\n\n\t\t\t\t\t\t<div class=\"elementor-icon-box-icon\">\n\t\t\t\t<span  class=\"elementor-icon\">\n\t\t\t\t<svg xmlns=\"http:\/\/www.w3.org\/2000\/svg\" xmlns:xlink=\"http:\/\/www.w3.org\/1999\/xlink\" xmlns:serif=\"http:\/\/www.serif.com\/\" width=\"100%\" height=\"100%\" viewbox=\"0 0 18 20\" xml:space=\"preserve\" style=\"fill-rule:evenodd;clip-rule:evenodd;stroke-linejoin:round;stroke-miterlimit:2;\">    <g transform=\"matrix(1,0,0,1,-134,-9)\">        <g>            <path d=\"M143,21.5C144.933,21.5 146.5,19.933 146.5,18C146.5,16.067 144.933,14.5 143,14.5C141.067,14.5 139.5,16.067 139.5,18C139.5,19.933 141.067,21.5 143,21.5ZM143,20.5C141.619,20.5 140.5,19.381 140.5,18C140.5,16.619 141.619,15.5 143,15.5C144.381,15.5 145.5,16.619 145.5,18C145.5,19.381 144.381,20.5 143,20.5Z\"><\/path>            <path d=\"M149.011,24.011C150.199,22.822 151.009,21.307 151.336,19.658C151.665,18.009 151.497,16.3 150.853,14.747C150.209,13.194 149.12,11.867 147.723,10.933C147.723,10.933 147.723,10.933 147.723,10.933C146.324,9.999 144.681,9.5 143,9.5C141.319,9.5 139.676,9.999 138.277,10.933C138.277,10.933 138.277,10.933 138.277,10.933C136.88,11.867 135.791,13.194 135.147,14.747C134.503,16.3 134.335,18.009 134.664,19.658C134.991,21.307 135.801,22.822 136.989,24.011L141.234,28.254C141.702,28.722 142.337,28.985 143.001,28.985C143.664,28.985 144.299,28.722 144.767,28.254L149.011,24.011ZM148.303,23.303L144.061,27.546C143.779,27.827 143.398,27.985 143.001,27.985C142.603,27.985 142.222,27.827 141.94,27.546C141.94,27.546 137.697,23.303 137.697,23.303C136.648,22.255 135.933,20.918 135.644,19.464C135.644,19.463 135.644,19.463 135.644,19.463C135.355,18.008 135.503,16.501 136.071,15.13C136.639,13.76 137.6,12.588 138.833,11.764C140.067,10.94 141.517,10.5 143,10.5C144.483,10.5 145.933,10.94 147.167,11.764C148.4,12.588 149.361,13.76 149.929,15.13C150.497,16.501 150.645,18.008 150.356,19.463C150.356,19.463 150.356,19.463 150.356,19.464C150.067,20.918 149.352,22.255 148.303,23.303Z\"><\/path>        <\/g>    <\/g><\/svg>\t\t\t\t<\/span>\n\t\t\t<\/div>\n\t\t\t\n\t\t\t\t\t\t<div class=\"elementor-icon-box-content\">\n\n\t\t\t\t\t\t\t\t\t<h3 class=\"elementor-icon-box-title\">\n\t\t\t\t\t\t<span  >\n\t\t\t\t\t\t\tAdresa\t\t\t\t\t\t<\/span>\n\t\t\t\t\t<\/h3>\n\t\t\t\t\n\t\t\t\t\t\t\t\t\t<p class=\"elementor-icon-box-description\">\n\t\t\t\t\t\t1136 Budapest, Pann\u00f3nia utca 10\t\t\t\t\t<\/p>\n\t\t\t\t\n\t\t\t<\/div>\n\t\t\t\n\t\t<\/div>\n\t\t\t\t\t\t<\/div>\n\t\t\t\t<\/div>\n\t\t\t\t<div class=\"elementor-element elementor-element-673fde8e elementor-view-stacked elementor-position-inline-start elementor-tablet-position-block-start elementor-shape-circle elementor-mobile-position-block-start elementor-widget elementor-widget-icon-box\" data-id=\"673fde8e\" data-element_type=\"widget\" data-e-type=\"widget\" data-widget_type=\"icon-box.default\">\n\t\t\t\t<div class=\"elementor-widget-container\">\n\t\t\t\t\t\t\t<div class=\"elementor-icon-box-wrapper\">\n\n\t\t\t\t\t\t<div class=\"elementor-icon-box-icon\">\n\t\t\t\t<span  class=\"elementor-icon\">\n\t\t\t\t<svg xmlns=\"http:\/\/www.w3.org\/2000\/svg\" xmlns:xlink=\"http:\/\/www.w3.org\/1999\/xlink\" xmlns:serif=\"http:\/\/www.serif.com\/\" width=\"100%\" height=\"100%\" viewbox=\"0 0 19 19\" xml:space=\"preserve\" style=\"fill-rule:evenodd;clip-rule:evenodd;stroke-linejoin:round;stroke-miterlimit:2;\">    <g transform=\"matrix(1,0,0,1,-12,-134)\">        <g>            <path d=\"M15,134.5C14.337,134.5 13.701,134.764 13.232,135.232C12.763,135.701 12.5,136.337 12.5,137C12.5,137.01 12.5,137.02 12.501,137.03C12.745,141.053 14.454,144.847 17.303,147.697C17.303,147.697 17.303,147.697 17.303,147.697C20.153,150.546 23.947,152.255 27.97,152.499C27.98,152.5 27.99,152.5 28,152.5C28.663,152.5 29.299,152.236 29.768,151.768C30.237,151.299 30.5,150.663 30.5,150C30.5,150 30.5,146 30.5,146C30.5,145.796 30.376,145.612 30.186,145.536L25.186,143.536C24.958,143.445 24.698,143.532 24.571,143.743L23.313,145.839C21.562,144.878 20.122,143.438 19.161,141.687C19.161,141.687 21.257,140.429 21.257,140.429C21.468,140.302 21.555,140.042 21.464,139.814L19.464,134.814C19.388,134.624 19.204,134.5 19,134.5L15,134.5ZM15,135.5C14.602,135.5 14.221,135.658 13.939,135.94C13.661,136.217 13.504,136.593 13.5,136.991C13.735,140.762 15.338,144.318 18.01,146.989C20.684,149.662 24.242,151.267 28.022,151.5C28.412,151.494 28.785,151.336 29.061,151.06C29.342,150.779 29.5,150.397 29.5,150C29.5,150 29.5,146.339 29.5,146.339C29.5,146.339 25.21,144.622 25.21,144.622L23.929,146.757C23.795,146.98 23.512,147.064 23.279,146.948C21.009,145.829 19.171,143.992 18.052,141.721C17.936,141.488 18.02,141.205 18.243,141.071C18.243,141.071 20.378,139.79 20.378,139.79C20.378,139.79 18.661,135.5 18.661,135.5L15,135.5Z\"><\/path>        <\/g>    <\/g><\/svg>\t\t\t\t<\/span>\n\t\t\t<\/div>\n\t\t\t\n\t\t\t\t\t\t<div class=\"elementor-icon-box-content\">\n\n\t\t\t\t\t\t\t\t\t<h3 class=\"elementor-icon-box-title\">\n\t\t\t\t\t\t<span  >\n\t\t\t\t\t\t\tMobilni broj\t\t\t\t\t\t<\/span>\n\t\t\t\t\t<\/h3>\n\t\t\t\t\n\t\t\t\t\t\t\t\t\t<p class=\"elementor-icon-box-description\">\n\t\t\t\t\t\t+36301393669\t\t\t\t\t<\/p>\n\t\t\t\t\n\t\t\t<\/div>\n\t\t\t\n\t\t<\/div>\n\t\t\t\t\t\t<\/div>\n\t\t\t\t<\/div>\n\t\t\t\t<div class=\"elementor-element elementor-element-42a5939b elementor-view-stacked elementor-position-inline-start elementor-tablet-position-block-start elementor-shape-circle elementor-mobile-position-block-start elementor-widget elementor-widget-icon-box\" data-id=\"42a5939b\" data-element_type=\"widget\" data-e-type=\"widget\" data-widget_type=\"icon-box.default\">\n\t\t\t\t<div class=\"elementor-widget-container\">\n\t\t\t\t\t\t\t<div class=\"elementor-icon-box-wrapper\">\n\n\t\t\t\t\t\t<div class=\"elementor-icon-box-icon\">\n\t\t\t\t<a href=\"mailto:speltavitaeu@gmail.com\" class=\"elementor-icon\" tabindex=\"-1\" aria-label=\"Email adresa\">\n\t\t\t\t<svg xmlns=\"http:\/\/www.w3.org\/2000\/svg\" xmlns:xlink=\"http:\/\/www.w3.org\/1999\/xlink\" xmlns:serif=\"http:\/\/www.serif.com\/\" width=\"100%\" height=\"100%\" viewbox=\"0 0 20 16\" xml:space=\"preserve\" style=\"fill-rule:evenodd;clip-rule:evenodd;stroke-linejoin:round;stroke-miterlimit:2;\">    <g transform=\"matrix(1,0,0,1,-102,-11)\">        <g>            <path d=\"M119,11.5L105,11.5C103.619,11.5 102.5,12.619 102.5,14C102.5,14 102.5,24 102.5,24C102.5,25.381 103.619,26.5 105,26.5C105,26.5 119,26.5 119,26.5C120.381,26.5 121.5,25.381 121.5,24L121.5,14C121.5,12.619 120.381,11.5 119,11.5ZM119,12.5C119.829,12.5 120.5,13.172 120.5,14C120.5,14 120.5,24 120.5,24C120.5,24.828 119.829,25.5 119,25.5L105,25.5C104.171,25.5 103.5,24.828 103.5,24L103.5,14C103.5,13.172 104.171,12.5 105,12.5C105,12.5 119,12.5 119,12.5Z\"><\/path>            <path d=\"M102.723,14.416L111.723,20.416C111.891,20.528 112.109,20.528 112.277,20.416L121.277,14.416C121.507,14.263 121.569,13.952 121.416,13.723C121.263,13.493 120.952,13.431 120.723,13.584L112,19.399C112,19.399 103.277,13.584 103.277,13.584C103.048,13.431 102.737,13.493 102.584,13.723C102.431,13.952 102.493,14.263 102.723,14.416Z\"><\/path>        <\/g>    <\/g><\/svg>\t\t\t\t<\/a>\n\t\t\t<\/div>\n\t\t\t\n\t\t\t\t\t\t<div class=\"elementor-icon-box-content\">\n\n\t\t\t\t\t\t\t\t\t<h3 class=\"elementor-icon-box-title\">\n\t\t\t\t\t\t<a href=\"mailto:speltavitaeu@gmail.com\" >\n\t\t\t\t\t\t\tEmail adresa\t\t\t\t\t\t<\/a>\n\t\t\t\t\t<\/h3>\n\t\t\t\t\n\t\t\t\t\t\t\t\t\t<p class=\"elementor-icon-box-description\">\n\t\t\t\t\t\tinfo@speltavita.hu\t\t\t\t\t<\/p>\n\t\t\t\t\n\t\t\t<\/div>\n\t\t\t\n\t\t<\/div>\n\t\t\t\t\t\t<\/div>\n\t\t\t\t<\/div>\n\t\t\t\t\t<\/div>\n\t\t\t\t<\/div>\n\t\t\t\t<\/div>\n\t\t\t\t\t<\/div>\n\t\t\t\t<\/div>\n\t\t\t\t\t<\/div>\n\t\t\t\t<\/div>\n\t\t\t\t\t<\/div>\n\t\t\t\t<\/div>\n\t\t\t\t<\/div>","protected":false},"excerpt":{"rendered":"<p>L\u00e9pjen kapcsolatba vel\u00fcnk El\u00e9rhet\u0151s\u00e9gek C\u00edm 1136 Budapest, Pann\u00f3nia utca 10 Telefonsz\u00e1m +36301393669 Email c\u00edm info@speltavita.hu<\/p>","protected":false},"author":1,"featured_media":0,"parent":0,"menu_order":0,"comment_status":"closed","ping_status":"closed","template":"elementor_header_footer","meta":{"solace_meta_sidebar":"","solace_meta_container":"","solace_meta_enable_content_width":"","solace_meta_content_width":0,"solace_meta_title_alignment":"","solace_meta_author_avatar":"","solace_post_elements_order":"","solace_meta_disable_header":"","solace_meta_disable_footer":"","solace_meta_disable_title":"","footnotes":""},"class_list":["post-64","page","type-page","status-publish","hentry"],"_links":{"self":[{"href":"https:\/\/speltavita.hu\/sr\/wp-json\/wp\/v2\/pages\/64","targetHints":{"allow":["GET"]}}],"collection":[{"href":"https:\/\/speltavita.hu\/sr\/wp-json\/wp\/v2\/pages"}],"about":[{"href":"https:\/\/speltavita.hu\/sr\/wp-json\/wp\/v2\/types\/page"}],"author":[{"embeddable":true,"href":"https:\/\/speltavita.hu\/sr\/wp-json\/wp\/v2\/users\/1"}],"replies":[{"embeddable":true,"href":"https:\/\/speltavita.hu\/sr\/wp-json\/wp\/v2\/comments?post=64"}],"version-history":[{"count":31,"href":"https:\/\/speltavita.hu\/sr\/wp-json\/wp\/v2\/pages\/64\/revisions"}],"predecessor-version":[{"id":881,"href":"https:\/\/speltavita.hu\/sr\/wp-json\/wp\/v2\/pages\/64\/revisions\/881"}],"wp:attachment":[{"href":"https:\/\/speltavita.hu\/sr\/wp-json\/wp\/v2\/media?parent=64"}],"curies":[{"name":"wp","href":"https:\/\/api.w.org\/{rel}","templated":true}]}}