{"id":331,"date":"2025-06-05T20:42:08","date_gmt":"2025-06-05T20:42:08","guid":{"rendered":"https:\/\/speltavita.hu\/?post_type=product&#038;p=331"},"modified":"2025-07-02T14:48:41","modified_gmt":"2025-07-02T14:48:41","slug":"speltavita-immuno","status":"publish","type":"product","link":"https:\/\/speltavita.hu\/en\/product\/speltavita-immuno\/","title":{"rendered":"SpeltaVita Immuno+"},"content":{"rendered":"<h2><strong>What is SpeltaVita?<a href=\"https:\/\/speltavita.hu\/wp-content\/uploads\/2025\/06\/Speltina-trava.jpg\"><img fetchpriority=\"high\" decoding=\"async\" class=\"alignright wp-image-670 size-medium\" src=\"https:\/\/speltavita.hu\/wp-content\/uploads\/2025\/06\/Speltina-trava-300x214.jpg\" alt=\"\" width=\"300\" height=\"214\" srcset=\"https:\/\/speltavita.hu\/wp-content\/uploads\/2025\/06\/Speltina-trava-300x214.jpg 300w, https:\/\/speltavita.hu\/wp-content\/uploads\/2025\/06\/Speltina-trava-18x12.jpg 18w, https:\/\/speltavita.hu\/wp-content\/uploads\/2025\/06\/Speltina-trava.jpg 569w\" sizes=\"(max-width: 300px) 100vw, 300px\" \/><\/a><\/strong><\/h2>\n<p data-start=\"58\" data-end=\"334\">Spelta Vita IMMUNO+ is a dietary supplement in capsule form, containing naturally sourced freeze-dried spelt wheatgrass juice with added vitamin D3, zinc, and selenium. Spelta Vita IMMUNO+ is designed to strengthen the immune system.<\/p>\n<h2 data-start=\"336\" data-end=\"860\">Why choose SpeltaVita Instant?<\/h2>\n<p data-start=\"52\" data-end=\"417\" class=\"translation-block\"><strong data-start=\"52\" data-end=\"221\">A Sp<a href=\"https:\/\/speltavita.hu\/wp-content\/uploads\/2025\/06\/spelta-kapsila-i-Klementina.jpg\" target=\"_self\"><img loading=\"lazy\" decoding=\"async\" class=\"wp-image-669 size-medium alignleft\" src=\"https:\/\/speltavita.hu\/wp-content\/uploads\/2025\/06\/spelta-kapsila-i-Klementina-200x300.jpg\" alt=\"\" width=\"200\" height=\"300\" srcset=\"https:\/\/speltavita.hu\/wp-content\/uploads\/2025\/06\/spelta-kapsila-i-Klementina-200x300.jpg 200w, https:\/\/speltavita.hu\/wp-content\/uploads\/2025\/06\/spelta-kapsila-i-Klementina-8x12.jpg 8w, https:\/\/speltavita.hu\/wp-content\/uploads\/2025\/06\/spelta-kapsila-i-Klementina.jpg 600w\" sizes=\"(max-width: 200px) 100vw, 200px\"><\/a>elta Vita IMMUNO+ egy kapszul\u00e1ba z\u00e1rt kombin\u00e1ci\u00f3ja az term\u00e9szetes eredet\u0171 liofiliz\u00e1lt t\u00f6nk\u00f6lyb\u00fazaf\u0171 z\u00f6ld lev\u00e9nek, D-vitamin, cink \u00e9s szel\u00e9n hozz\u00e1ad\u00e1s\u00e1val.<\/strong><br data-start=\"221\" data-end=\"224\">Ez a term\u00e9k gazdag term\u00e9szetes \u00e1sv\u00e1nyi anyagokban, klorofillban, enzimekben \u00e9s vitaminokban, amelyek energi\u00e1t adnak a f\u00e1radt szervezetnek, m\u00edg a hozz\u00e1adott \u00f6sszetev\u0151k egyediv\u00e9 teszik a piacon.<\/p>\n<p data-start=\"419\" data-end=\"624\"><strong>It is easy to consume and is an ideal solution for all occasions, even for those sensitive to the taste of wheatgrass juice.<\/strong><br data-start=\"528\" data-end=\"531\" \/>To protect our body from viruses, bacteria, and the development of other illnesses, it is essential to provide all the nutrients it uses daily. Spelta Vita IMMUNO+ is a supplement to a healthy diet. Thanks to its ingredients, it effectively supports our immune system and helps eliminate harmful substances from our body. It regulates digestion, improves physical and mental strength, aids in alkalizing the body, helps combat anemia, and has a rejuvenating effect on our organism.<\/p>\n<h2 data-start=\"814\" data-end=\"1041\">The effects of the product<\/h2>\n<p data-start=\"59\" data-end=\"655\"><strong data-start=\"59\" data-end=\"161\">SpeltaVita IMMUNO+ is a unique combination of natural vitamins, minerals, and chlorophyll.<\/strong><br data-start=\"161\" data-end=\"164\" \/>One of its main ingredients is chlorophyll, which not only gives the green color to spelt wheatgrass juice but also provides a large amount of oxygen to our body and creates an alkaline environment \u2014 which is why it is often called \u201cliquid oxygen.\u201d<br data-start=\"398\" data-end=\"401\" \/>The molecular structure of chlorophyll found in plants closely resembles that of hemoglobin in blood, which transports oxygen throughout the body. Chlorophyll is a natural antioxidant; although it is not a vitamin, it is extremely important for optimal nutrition.<\/p>\n<p data-start=\"657\" data-end=\"939\"><strong data-start=\"657\" data-end=\"737\">Spelt contains an ideal balance of proteins, carbohydrates, and fats.<\/strong><br data-start=\"737\" data-end=\"740\" \/>Due to its high protein content, it is an excellent choice for people with digestive problems, athletes, and those who engage in intense physical activity and need to maintain muscle mass.<\/p>\n<p data-start=\"941\" data-end=\"1182\" class=\"translation-block\">It is a good source of vitamins, especially B-complex vitamins: <strong>B1, B2, B3, B6, B9, and vitamin K,<\/strong> as well as minerals such as <strong>magnesium, zinc, iron, manganese, copper, and selenium,<\/strong> along with easily absorbable plant fibers.<\/p>\n<p data-start=\"1184\" data-end=\"1468\">The carbohydrates in spelt wheat are complex and play an important role in blood clotting and stimulating the immune system.<br data-start=\"1297\" data-end=\"1300\" \/><strong data-start=\"1300\" data-end=\"1466\">Spelt regulates metabolism, supports hormone production, strengthens bones, improves immunity, lowers blood sugar levels, and helps regulate cholesterol.<\/strong><\/p>\n<p data-start=\"1470\" data-end=\"1888\" class=\"translation-block\">The dietary fibers in spelt wheat reduce LDL (\u201cbad\u201d) cholesterol by inhibiting the absorption of cholesterol from food. It contains a significant amount of <strong>niacin (vitamin B3),<\/strong> which is essential for the proper functioning of glands, especially for the production of sex hormones.\nIt positively affects hormonal balance and creatine production. Its copper and iron content improves blood circulation.<\/p>\n<h3 data-start=\"867\" data-end=\"1597\">Warning<\/h3>\n<p data-start=\"867\" data-end=\"1597\">Do not exceed the recommended daily dose. Food supplements should not be used as a substitute for a balanced and varied diet and a healthy lifestyle. Keep out of reach of children!<br \/>\nThis product is not recommended for individuals who are hypersensitive to any of its ingredients.\nUse of this product is not recommended for pregnant or breastfeeding women, or for children under 3 years of age.<\/p>\n<p data-start=\"867\" data-end=\"1597\"><strong>For individuals undergoing anticoagulant therapy or those sensitive to vitamin K, consultation with a healthcare professional is recommended before use.<\/strong><\/p>\n<p data-start=\"1043\" data-end=\"1078\">","protected":false},"excerpt":{"rendered":"<div class=\"elementor-element elementor-element-ab1a029 elementor-widget elementor-widget-text-editor\" data-id=\"ab1a029\" data-element_type=\"widget\" data-widget_type=\"text-editor.default\">\n<div class=\"elementor-widget-container\">\n<div class=\"elementor-element elementor-element-d77452e elementor-widget__width-initial elementor-widget elementor-widget-heading\" data-id=\"d77452e\" data-element_type=\"widget\" data-widget_type=\"heading.default\">\n<div class=\"elementor-widget-container\">\n<p class=\"elementor-heading-title elementor-size-default\">Capsulated, freeze-dried, cold-pressed wheatgrass juice \u2014 24 times more concentrated than wheatgrass.<\/p>\n<div>100% natural food supplement. Immunity, energy, health!<\/div>\n<\/div>\n<\/div>\n<div class=\"elementor-element elementor-element-a796119 elementor-widget elementor-widget-text-editor\" data-id=\"a796119\" data-element_type=\"widget\" data-widget_type=\"text-editor.default\">\n<div class=\"elementor-widget-container\">\n<ul>\n<li>It helps alkalize the body, strengthens the immune system, improves blood quality, protects against viruses and bacteria, enhances circulation, supports hormone production, strengthens bones, and promotes the normal functioning of the glands.<\/li>\n<li>Vitamin D contributes to cell division, the normal absorption and utilization of calcium and phosphorus, maintaining normal blood calcium levels, normal muscle function, and the maintenance of healthy bones and teeth.<\/li>\n<li>Vitamin D, zinc, and selenium strengthen the immune system.\nZinc and selenium contribute to protecting cells against oxidative stress.<\/li>\n<li>Zinc contributes to normal cell division, normal DNA synthesis, protein synthesis, maintaining normal blood testosterone levels, and reducing insulin resistance.<\/li>\n<li>Selenium contributes to the normal function of the thyroid gland.<\/li>\n<\/ul>\n<p>The package contains 30 capsules. Recommended daily intake: 2\u20134 capsules.<\/p>\n<\/div>\n<\/div>\n<\/div>\n<\/div>\n<div class=\"elementor-element elementor-element-161eb6b elementor-widget elementor-widget-image\" data-id=\"161eb6b\" data-element_type=\"widget\" data-widget_type=\"image.default\">\n<div class=\"elementor-widget-container\"><img decoding=\"async\" class=\"attachment-large size-large wp-image-286\" src=\"https:\/\/speltavita.hu\/wp-content\/uploads\/2025\/07\/Icons-EN.png\" sizes=\"(max-width: 640px) 100vw, 640px\" srcset=\"https:\/\/speltavita.hu\/wp-content\/uploads\/2025\/07\/Icons-EN.png 1904w, https:\/\/speltavita.hu\/wp-content\/uploads\/2025\/07\/Icons-EN-300x50.png 300w, https:\/\/speltavita.hu\/wp-content\/uploads\/2025\/07\/Icons-EN-1024x170.png 1024w, https:\/\/speltavita.hu\/wp-content\/uploads\/2025\/07\/Icons-EN-768x128.png 768w, https:\/\/speltavita.hu\/wp-content\/uploads\/2025\/07\/Icons-EN-1536x256.png 1536w, https:\/\/speltavita.hu\/wp-content\/uploads\/2025\/07\/Icons-EN-18x3.png 18w, https:\/\/speltavita.hu\/wp-content\/uploads\/2025\/07\/Icons-EN-600x100.png 600w\" alt=\"\" width=\"640\" height=\"125\" \/><\/div>\n<div>VAT included in the price.<\/div>\n<\/div>","protected":false},"featured_media":596,"comment_status":"closed","ping_status":"closed","template":"","meta":{"solace_meta_sidebar":"","solace_meta_container":"","solace_meta_enable_content_width":"off","solace_meta_content_width":100,"solace_meta_title_alignment":"","solace_meta_author_avatar":"","solace_post_elements_order":"","solace_meta_disable_header":"","solace_meta_disable_footer":"","solace_meta_disable_title":""},"product_brand":[],"product_cat":[36],"product_tag":[],"class_list":{"0":"post-331","1":"product","2":"type-product","3":"status-publish","4":"has-post-thumbnail","6":"product_cat-speltavita","8":"first","9":"outofstock","10":"taxable","11":"shipping-taxable","12":"purchasable","13":"product-type-simple"},"_links":{"self":[{"href":"https:\/\/speltavita.hu\/en\/wp-json\/wp\/v2\/product\/331","targetHints":{"allow":["GET"]}}],"collection":[{"href":"https:\/\/speltavita.hu\/en\/wp-json\/wp\/v2\/product"}],"about":[{"href":"https:\/\/speltavita.hu\/en\/wp-json\/wp\/v2\/types\/product"}],"replies":[{"embeddable":true,"href":"https:\/\/speltavita.hu\/en\/wp-json\/wp\/v2\/comments?post=331"}],"wp:featuredmedia":[{"embeddable":true,"href":"https:\/\/speltavita.hu\/en\/wp-json\/wp\/v2\/media\/596"}],"wp:attachment":[{"href":"https:\/\/speltavita.hu\/en\/wp-json\/wp\/v2\/media?parent=331"}],"wp:term":[{"taxonomy":"product_brand","embeddable":true,"href":"https:\/\/speltavita.hu\/en\/wp-json\/wp\/v2\/product_brand?post=331"},{"taxonomy":"product_cat","embeddable":true,"href":"https:\/\/speltavita.hu\/en\/wp-json\/wp\/v2\/product_cat?post=331"},{"taxonomy":"product_tag","embeddable":true,"href":"https:\/\/speltavita.hu\/en\/wp-json\/wp\/v2\/product_tag?post=331"}],"curies":[{"name":"wp","href":"https:\/\/api.w.org\/{rel}","templated":true}]}}