{"id":821,"date":"2025-07-14T21:39:31","date_gmt":"2025-07-14T21:39:31","guid":{"rendered":"https:\/\/speltavita.hu\/?page_id=821"},"modified":"2025-10-05T16:21:53","modified_gmt":"2025-10-05T16:21:53","slug":"shipping","status":"publish","type":"page","link":"https:\/\/speltavita.hu\/en\/shipping\/","title":{"rendered":"Shipping"},"content":{"rendered":"<div data-elementor-type=\"wp-page\" data-elementor-id=\"821\" class=\"elementor elementor-821\">\n\t\t\t\t<div class=\"elementor-element elementor-element-7b0d9f4 e-flex e-con-boxed e-con e-parent\" data-id=\"7b0d9f4\" data-element_type=\"container\" data-e-type=\"container\">\n\t\t\t\t\t<div class=\"e-con-inner\">\n\t\t\t\t<div class=\"elementor-element elementor-element-9ba8cec elementor-widget elementor-widget-heading\" data-id=\"9ba8cec\" data-element_type=\"widget\" data-e-type=\"widget\" data-widget_type=\"heading.default\">\n\t\t\t\t<div class=\"elementor-widget-container\">\n\t\t\t\t\t<h2 class=\"elementor-heading-title elementor-size-default\">Shipping information<\/h2>\t\t\t\t<\/div>\n\t\t\t\t<\/div>\n\t\t\t\t\t<\/div>\n\t\t\t\t<\/div>\n\t\t<div class=\"elementor-element elementor-element-4434e95 e-flex e-con-boxed e-con e-parent\" data-id=\"4434e95\" data-element_type=\"container\" data-e-type=\"container\">\n\t\t\t\t\t<div class=\"e-con-inner\">\n\t\t\t\t<div class=\"elementor-element elementor-element-21f66d4 elementor-widget elementor-widget-heading\" data-id=\"21f66d4\" data-element_type=\"widget\" data-e-type=\"widget\" data-widget_type=\"heading.default\">\n\t\t\t\t<div class=\"elementor-widget-container\">\n\t\t\t\t\t<p class=\"elementor-heading-title elementor-size-default\">Delivery of products purchased on the website is available throughout Hungary and the entire European Union.<div><br><\/div><div>After successful payment, the ordered products are dispatched to our customers no later than the next business day.<\/div><div><span style=\"font-size: unset;letter-spacing: unset;text-transform: unset;text-align: var(--text-align);font-family: var(--bodyfontfamily),var(--nv-fallback-ff)\"><br><\/span><\/div><div><span style=\"text-align: var(--text-align)\"><font face=\"var(--bodyfontfamily),var(--nv-fallback-ff)\"><span style=\"font-size: unset;letter-spacing: unset;text-transform: unset\">If you have any questions regarding shipping, please contact us via one of the following methods:<\/span><\/font><\/span><\/div><div><span style=\"text-align: var(--text-align)\"><font face=\"var(--bodyfontfamily),var(--nv-fallback-ff)\"><span style=\"font-size: unset;letter-spacing: unset;text-transform: unset\">Tel: +36301393669<\/span><\/font><\/span><\/div><div><span style=\"text-align: var(--text-align)\"><font face=\"var(--bodyfontfamily),var(--nv-fallback-ff)\"><span style=\"font-size: unset;letter-spacing: unset;text-transform: unset\">Email: info@speltavita.hu<\/span><\/font><\/span><span style=\"font-family: var(--bodyfontfamily),var(--nv-fallback-ff);font-size: unset;letter-spacing: unset;text-align: var(--text-align);text-transform: unset\"><\/span><\/div><\/p>\t\t\t\t<\/div>\n\t\t\t\t<\/div>\n\t\t\t\t<div class=\"elementor-element elementor-element-6ba53d2 elementor-widget elementor-widget-heading\" data-id=\"6ba53d2\" data-element_type=\"widget\" data-e-type=\"widget\" data-widget_type=\"heading.default\">\n\t\t\t\t<div class=\"elementor-widget-container\">\n\t\t\t\t\t<h4 class=\"elementor-heading-title elementor-size-default\">Shipping cost - Hungary<\/h4>\t\t\t\t<\/div>\n\t\t\t\t<\/div>\n\t\t\t\t<div class=\"elementor-element elementor-element-969ff94 elementor-widget elementor-widget-text-editor\" data-id=\"969ff94\" data-element_type=\"widget\" data-e-type=\"widget\" data-widget_type=\"text-editor.default\">\n\t\t\t\t<div class=\"elementor-widget-container\">\n\t\t\t\t\t\t\t\t\t<p><span style=\"font-variant-ligatures: normal; orphans: 2; widows: 2; text-decoration-thickness: initial; text-decoration-style: initial; text-decoration-color: initial;\">Foxpost parcel locker delivery: 820 HUF<\/span><br style=\"font-variant-ligatures: normal; orphans: 2; widows: 2; text-decoration-thickness: initial; text-decoration-style: initial; text-decoration-color: initial;\"><span style=\"font-variant-ligatures: normal; orphans: 2; widows: 2; text-decoration-thickness: initial; text-decoration-style: initial; text-decoration-color: initial;\">MPL parcel locker or DPD Parcel Point delivery: 850 HUF<\/span><br style=\"font-variant-ligatures: normal; orphans: 2; widows: 2; text-decoration-thickness: initial; text-decoration-style: initial; text-decoration-color: initial;\"><span style=\"font-variant-ligatures: normal; orphans: 2; widows: 2; text-decoration-thickness: initial; text-decoration-style: initial; text-decoration-color: initial;\">Packeta Parcel Point delivery: 900 HUF<\/span><br style=\"font-variant-ligatures: normal; orphans: 2; widows: 2; text-decoration-thickness: initial; text-decoration-style: initial; text-decoration-color: initial;\"><span style=\"font-variant-ligatures: normal; orphans: 2; widows: 2; text-decoration-thickness: initial; text-decoration-style: initial; text-decoration-color: initial;\">MPL Post Office hold delivery: 1,040 HUF<\/span><br style=\"font-variant-ligatures: normal; orphans: 2; widows: 2; text-decoration-thickness: initial; text-decoration-style: initial; text-decoration-color: initial;\"><span style=\"font-variant-ligatures: normal; orphans: 2; widows: 2; text-decoration-thickness: initial; text-decoration-style: initial; text-decoration-color: initial;\">MPL Post Point delivery: 1,090 HUF<\/span><br style=\"font-variant-ligatures: normal; orphans: 2; widows: 2; text-decoration-thickness: initial; text-decoration-style: initial; text-decoration-color: initial;\"><span style=\"font-variant-ligatures: normal; orphans: 2; widows: 2; text-decoration-thickness: initial; text-decoration-style: initial; text-decoration-color: initial;\">GLS Parcel Point delivery: 1,280 HUF<\/span><br style=\"font-variant-ligatures: normal; orphans: 2; widows: 2; text-decoration-thickness: initial; text-decoration-style: initial; text-decoration-color: initial;\"><span style=\"font-variant-ligatures: normal; orphans: 2; widows: 2; text-decoration-thickness: initial; text-decoration-style: initial; text-decoration-color: initial;\">GLS locker delivery: 1,180 HUF<\/span><br style=\"font-variant-ligatures: normal; orphans: 2; widows: 2; text-decoration-thickness: initial; text-decoration-style: initial; text-decoration-color: initial;\"><span style=\"font-variant-ligatures: normal; orphans: 2; widows: 2; text-decoration-thickness: initial; text-decoration-style: initial; text-decoration-color: initial;\">GLS fut\u00e1rszolg\u00e1lattal h\u00e1zhoz sz\u00e1ll\u00edtva:&nbsp;2260 Ft<\/span><br style=\"font-variant-ligatures: normal; orphans: 2; widows: 2; text-decoration-thickness: initial; text-decoration-style: initial; text-decoration-color: initial;\"><span style=\"font-variant-ligatures: normal; orphans: 2; widows: 2; text-decoration-thickness: initial; text-decoration-style: initial; text-decoration-color: initial;\">Personal pickup in Budapest at the designated pickup location (1136 Budapest, Balzac street 44\/b): 0 HUF<\/span><\/p>\n<p style=\"orphans: 2; widows: 2;\">Delivery time: varies by service provider, typically within 2\u20135 working days.<\/p>\t\t\t\t\t\t\t\t<\/div>\n\t\t\t\t<\/div>\n\t\t\t\t<div class=\"elementor-element elementor-element-541203a elementor-widget elementor-widget-heading\" data-id=\"541203a\" data-element_type=\"widget\" data-e-type=\"widget\" data-widget_type=\"heading.default\">\n\t\t\t\t<div class=\"elementor-widget-container\">\n\t\t\t\t\t<h4 class=\"elementor-heading-title elementor-size-default\">Shipping cost - European Union<\/h4>\t\t\t\t<\/div>\n\t\t\t\t<\/div>\n\t\t\t\t<div class=\"elementor-element elementor-element-af8f6c7 elementor-widget elementor-widget-text-editor\" data-id=\"af8f6c7\" data-element_type=\"widget\" data-e-type=\"widget\" data-widget_type=\"text-editor.default\">\n\t\t\t\t<div class=\"elementor-widget-container\">\n\t\t\t\t\t\t\t\t\t<table style=\"width: 1168.3px; table-layout: fixed; font-variant-ligatures: normal; orphans: 2; widows: 2; text-decoration-thickness: initial; text-decoration-style: initial; text-decoration-color: initial;\"><tbody><tr><td style=\"padding: 0.5em; word-break: break-word;\">District (HUF\/package)<\/td><td style=\"padding: 0.5em; word-break: break-word;\">&lt; 2 kg<\/td><td style=\"padding: 0.5em; word-break: break-word;\">&lt; 5 kg<\/td><td style=\"padding: 0.5em; word-break: break-word;\">&lt; 10 kg<\/td><td style=\"padding: 0.5em; word-break: break-word;\">&lt; 15 kg<\/td><td style=\"padding: 0.5em; word-break: break-word;\">&lt; 20 kg<\/td><td style=\"padding: 0.5em; word-break: break-word;\">&lt; 25 kg<\/td><\/tr><tr><td style=\"padding: 0.5em; word-break: break-word;\">Slovakia<\/td><td style=\"padding: 0.5em; word-break: break-word;\">5274\u00a0Ft<\/td><td style=\"padding: 0.5em; word-break: break-word;\">5450\u00a0Ft<\/td><td style=\"padding: 0.5em; word-break: break-word;\">5825\u00a0Ft<\/td><td style=\"padding: 0.5em; word-break: break-word;\">6187\u00a0Ft<\/td><td style=\"padding: 0.5em; word-break: break-word;\">6554\u00a0Ft<\/td><td style=\"padding: 0.5em; word-break: break-word;\">6915\u00a0Ft<\/td><\/tr><tr><td style=\"padding: 0.5em; word-break: break-word;\">Zone 1<\/td><td style=\"padding: 0.5em; word-break: break-word;\">8844\u00a0Ft<\/td><td style=\"padding: 0.5em; word-break: break-word;\">10497\u00a0Ft<\/td><td style=\"padding: 0.5em; word-break: break-word;\">14188\u00a0Ft<\/td><td style=\"padding: 0.5em; word-break: break-word;\">15075\u00a0Ft<\/td><td style=\"padding: 0.5em; word-break: break-word;\">16182\u00a0Ft<\/td><td style=\"padding: 0.5em; word-break: break-word;\">17517\u00a0Ft<\/td><\/tr><tr><td style=\"padding: 0.5em; word-break: break-word;\">Zone 2<\/td><td style=\"padding: 0.5em; word-break: break-word;\">12620\u00a0Ft<\/td><td style=\"padding: 0.5em; word-break: break-word;\">14188\u00a0Ft<\/td><td style=\"padding: 0.5em; word-break: break-word;\">14851\u00a0Ft<\/td><td style=\"padding: 0.5em; word-break: break-word;\">15295\u00a0Ft<\/td><td style=\"padding: 0.5em; word-break: break-word;\">17953\u00a0Ft<\/td><td style=\"padding: 0.5em; word-break: break-word;\">20399\u00a0Ft<\/td><\/tr><tr><td style=\"padding: 0.5em; word-break: break-word;\">Zone 3<\/td><td style=\"padding: 0.5em; word-break: break-word;\">13373\u00a0Ft<\/td><td style=\"padding: 0.5em; word-break: break-word;\">16361\u00a0Ft<\/td><td style=\"padding: 0.5em; word-break: break-word;\">21958\u00a0Ft<\/td><td style=\"padding: 0.5em; word-break: break-word;\">24830\u00a0Ft<\/td><td style=\"padding: 0.5em; word-break: break-word;\">26157\u00a0Ft<\/td><td style=\"padding: 0.5em; word-break: break-word;\">27496\u00a0Ft<\/td><\/tr><tr><td style=\"padding: 0.5em; word-break: break-word;\">Zone 4<\/td><td style=\"padding: 0.5em; word-break: break-word;\">22282\u00a0Ft<\/td><td style=\"padding: 0.5em; word-break: break-word;\">24249\u00a0Ft<\/td><td style=\"padding: 0.5em; word-break: break-word;\">29487\u00a0Ft<\/td><td style=\"padding: 0.5em; word-break: break-word;\">32372\u00a0Ft<\/td><td style=\"padding: 0.5em; word-break: break-word;\">47888\u00a0Ft<\/td><td style=\"padding: 0.5em; word-break: break-word;\">62967\u00a0Ft<\/td><\/tr><tr><td style=\"padding: 0.5em; word-break: break-word;\">Zone 5<\/td><td style=\"padding: 0.5em; word-break: break-word;\">38063\u00a0Ft<\/td><td style=\"padding: 0.5em; word-break: break-word;\">42653\u00a0Ft<\/td><td style=\"padding: 0.5em; word-break: break-word;\">52614\u00a0Ft<\/td><td style=\"padding: 0.5em; word-break: break-word;\">78382\u00a0Ft<\/td><td style=\"padding: 0.5em; word-break: break-word;\">101600\u00a0Ft<\/td><td style=\"padding: 0.5em; word-break: break-word;\">122271\u00a0Ft<\/td><\/tr><\/tbody><\/table><p>\u00a0<\/p><div><span style=\"font-variant-ligatures: normal; orphans: 2; widows: 2; text-decoration-thickness: initial; text-decoration-style: initial; text-decoration-color: initial;\">1st Zone countries: Slovenia, Austria, Czech Republic, Romania, Croatia<\/span><br style=\"font-variant-ligatures: normal; orphans: 2; widows: 2; text-decoration-thickness: initial; text-decoration-style: initial; text-decoration-color: initial;\" \/><span style=\"font-variant-ligatures: normal; orphans: 2; widows: 2; text-decoration-thickness: initial; text-decoration-style: initial; text-decoration-color: initial;\">2nd Zone countries: Poland, Germany, Belgium, Netherlands, Luxembourg<\/span><br style=\"font-variant-ligatures: normal; orphans: 2; widows: 2; text-decoration-thickness: initial; text-decoration-style: initial; text-decoration-color: initial;\" \/><span style=\"font-variant-ligatures: normal; orphans: 2; widows: 2; text-decoration-thickness: initial; text-decoration-style: initial; text-decoration-color: initial;\">3rd Zone countries: Denmark, France, Italy, United Kingdom, Northern Ireland, Monaco, Ireland<\/span><br style=\"font-variant-ligatures: normal; orphans: 2; widows: 2; text-decoration-thickness: initial; text-decoration-style: initial; text-decoration-color: initial;\" \/><span style=\"font-variant-ligatures: normal; orphans: 2; widows: 2; text-decoration-thickness: initial; text-decoration-style: initial; text-decoration-color: initial;\">4th Zone countries: Lithuania, Latvia, Spain, Sweden, Estonia, Norway, Greece, Portugal, Finland<\/span><br style=\"font-variant-ligatures: normal; orphans: 2; widows: 2; text-decoration-thickness: initial; text-decoration-style: initial; text-decoration-color: initial;\" \/><span style=\"font-variant-ligatures: normal; orphans: 2; widows: 2; text-decoration-thickness: initial; text-decoration-style: initial; text-decoration-color: initial;\">5th Zone countries: Iceland, Malta, Cyprus<\/span><\/div><div><span style=\"font-variant-ligatures: normal; orphans: 2; widows: 2; text-decoration-thickness: initial; text-decoration-style: initial; text-decoration-color: initial;\">\u00a0<\/span><\/div><div><span style=\"font-variant-ligatures: normal; orphans: 2; widows: 2; text-decoration-thickness: initial; text-decoration-style: initial; text-decoration-color: initial;\">Delivery abroad is carried out by GLS courier service, typically within 2-5 working days. In case of unforeseen delays, delivery may take longer. Please track the current status of your package using the tracking number provided in the confirmation email.\u00a0<\/span><\/div>\t\t\t\t\t\t\t\t<\/div>\n\t\t\t\t<\/div>\n\t\t\t\t\t<\/div>\n\t\t\t\t<\/div>\n\t\t\t\t<\/div>","protected":false},"excerpt":{"rendered":"<p>Sz\u00e1ll\u00edt\u00e1si inform\u00e1ci\u00f3k A weboldalon megv\u00e1s\u00e1rolt term\u00e9kek c\u00edmre t\u00f6rt\u00e9n\u0151 k\u00e9zbes\u00edt\u00e9se Magyarorsz\u00e1g \u00e9s a teljes Eur\u00f3pai Uni\u00f3 ter\u00fclet\u00e9n el\u00e9rhet\u0151.A megrendelt term\u00e9kek sikeres fizet\u00e9st k\u00f6vet\u0151en legk\u00e9s\u0151bb a k\u00f6vetkez\u0151 munkanapon felad\u00e1sra ker\u00fclnek v\u00e1s\u00e1rl\u00f3ink fel\u00e9.Amennyiben b\u00e1rmi k\u00e9rd\u00e9se felmer\u00fcl a sz\u00e1ll\u00edt\u00e1ssal kapcsolatban, k\u00e9rem jelezze el\u00e9rhet\u0151s\u00e9geink egyik\u00e9n:Tel: +36301393669Email: info@speltavita.hu Sz\u00e1ll\u00edt\u00e1si k\u00f6lts\u00e9gek &#8211; Magyarorsz\u00e1g Foxpost csomagautomat\u00e1ba t\u00f6rt\u00e9n\u0151 elhelyez\u00e9ssel:&nbsp;820 FtMPL&nbsp;csomagautomat\u00e1ba, DPD Csomagpontba k\u00e9zbes\u00edtve:&nbsp;850 FtPacketa<\/p>","protected":false},"author":1,"featured_media":0,"parent":0,"menu_order":0,"comment_status":"closed","ping_status":"closed","template":"","meta":{"solace_meta_sidebar":"","solace_meta_container":"","solace_meta_enable_content_width":"","solace_meta_content_width":0,"solace_meta_title_alignment":"","solace_meta_author_avatar":"","solace_post_elements_order":"","solace_meta_disable_header":"","solace_meta_disable_footer":"","solace_meta_disable_title":"","footnotes":""},"class_list":["post-821","page","type-page","status-publish","hentry"],"_links":{"self":[{"href":"https:\/\/speltavita.hu\/en\/wp-json\/wp\/v2\/pages\/821","targetHints":{"allow":["GET"]}}],"collection":[{"href":"https:\/\/speltavita.hu\/en\/wp-json\/wp\/v2\/pages"}],"about":[{"href":"https:\/\/speltavita.hu\/en\/wp-json\/wp\/v2\/types\/page"}],"author":[{"embeddable":true,"href":"https:\/\/speltavita.hu\/en\/wp-json\/wp\/v2\/users\/1"}],"replies":[{"embeddable":true,"href":"https:\/\/speltavita.hu\/en\/wp-json\/wp\/v2\/comments?post=821"}],"version-history":[{"count":13,"href":"https:\/\/speltavita.hu\/en\/wp-json\/wp\/v2\/pages\/821\/revisions"}],"predecessor-version":[{"id":950,"href":"https:\/\/speltavita.hu\/en\/wp-json\/wp\/v2\/pages\/821\/revisions\/950"}],"wp:attachment":[{"href":"https:\/\/speltavita.hu\/en\/wp-json\/wp\/v2\/media?parent=821"}],"curies":[{"name":"wp","href":"https:\/\/api.w.org\/{rel}","templated":true}]}}