{"id":80,"date":"2025-06-02T11:16:07","date_gmt":"2025-06-02T11:16:07","guid":{"rendered":"https:\/\/speltavita.hu\/about\/"},"modified":"2025-07-18T14:28:09","modified_gmt":"2025-07-18T14:28:09","slug":"about","status":"publish","type":"page","link":"https:\/\/speltavita.hu\/en\/about\/","title":{"rendered":"About"},"content":{"rendered":"<div data-elementor-type=\"wp-page\" data-elementor-id=\"80\" class=\"elementor elementor-80\">\n\t\t\t\t<div class=\"elementor-element elementor-element-d23f188 e-flex e-con-boxed e-con e-parent\" data-id=\"d23f188\" data-element_type=\"container\" data-e-type=\"container\">\n\t\t\t\t\t<div class=\"e-con-inner\">\n\t\t\t\t<div class=\"elementor-element elementor-element-f2782d6 elementor-widget elementor-widget-heading\" data-id=\"f2782d6\" data-element_type=\"widget\" data-e-type=\"widget\" data-widget_type=\"heading.default\">\n\t\t\t\t<div class=\"elementor-widget-container\">\n\t\t\t\t\t<h3 class=\"elementor-heading-title elementor-size-default\">About<\/h3>\t\t\t\t<\/div>\n\t\t\t\t<\/div>\n\t\t\t\t<div class=\"elementor-element elementor-element-caaeed4 elementor-widget elementor-widget-text-editor\" data-id=\"caaeed4\" data-element_type=\"widget\" data-e-type=\"widget\" data-widget_type=\"text-editor.default\">\n\t\t\t\t<div class=\"elementor-widget-container\">\n\t\t\t\t\t\t\t\t\t<p><a href=\"https:\/\/speltavita.hu\/en\/\">Main<\/a> About<\/p>\t\t\t\t\t\t\t\t<\/div>\n\t\t\t\t<\/div>\n\t\t\t\t<div class=\"elementor-element elementor-element-81c057d elementor-widget elementor-widget-heading\" data-id=\"81c057d\" data-element_type=\"widget\" data-e-type=\"widget\" data-widget_type=\"heading.default\">\n\t\t\t\t<div class=\"elementor-widget-container\">\n\t\t\t\t\t<h5 class=\"elementor-heading-title elementor-size-default\">A family-run manufactory born out of necessity. Since 2007, operating at full steam with plenty of positive energy.<\/h5>\t\t\t\t<\/div>\n\t\t\t\t<\/div>\n\t\t\t\t\t<\/div>\n\t\t\t\t<\/div>\n\t\t<div class=\"elementor-element elementor-element-9707fda e-flex e-con-boxed e-con e-parent\" data-id=\"9707fda\" data-element_type=\"container\" data-e-type=\"container\">\n\t\t\t\t\t<div class=\"e-con-inner\">\n\t\t<div class=\"elementor-element elementor-element-7c77099 e-con-full e-flex e-con e-child\" data-id=\"7c77099\" data-element_type=\"container\" data-e-type=\"container\">\n\t\t\t\t<div class=\"elementor-element elementor-element-528bab7 elementor-widget elementor-widget-text-editor\" data-id=\"528bab7\" data-element_type=\"widget\" data-e-type=\"widget\" data-widget_type=\"text-editor.default\">\n\t\t\t\t<div class=\"elementor-widget-container\">\n\t\t\t\t\t\t\t\t\t<div><p><a style=\"float: right; margin: -15px 0px 15px 0px;\" href=\"https:\/\/speltavita.hu\/wp-content\/uploads\/2025\/06\/Spelta-Vita-Tim.jpg\"><img fetchpriority=\"high\" decoding=\"async\" class=\"alignright wp-image-368 size-medium\" src=\"https:\/\/speltavita.hu\/wp-content\/uploads\/2025\/06\/Spelta-Vita-Tim-300x300.jpg\" alt=\"\" width=\"300\" height=\"300\" srcset=\"https:\/\/speltavita.hu\/wp-content\/uploads\/2025\/06\/Spelta-Vita-Tim-300x300.jpg 300w, https:\/\/speltavita.hu\/wp-content\/uploads\/2025\/06\/Spelta-Vita-Tim-1024x1024.jpg 1024w, https:\/\/speltavita.hu\/wp-content\/uploads\/2025\/06\/Spelta-Vita-Tim-150x150.jpg 150w, https:\/\/speltavita.hu\/wp-content\/uploads\/2025\/06\/Spelta-Vita-Tim-768x768.jpg 768w, https:\/\/speltavita.hu\/wp-content\/uploads\/2025\/06\/Spelta-Vita-Tim-600x600.jpg 600w, https:\/\/speltavita.hu\/wp-content\/uploads\/2025\/06\/Spelta-Vita-Tim.jpg 1080w\" sizes=\"(max-width: 300px) 100vw, 300px\" \/><\/a><\/p><p class=\"translation-block\">We are a family-run manufactory based in Pali\u0107. For nearly 20 years, since 2007, we have been producing drinks and products made from <strong>green cereal grasses.<\/strong> Through many years of experience and dedication, we have achieved outstanding results and earned the trust of our customers.\n\nOur mission is to produce high-quality products that support health and maintain the vitality of the body, tailored to the needs of our consumers.<\/p><\/div><div><p class=\"translation-block\">Our products are dietary supplements manufactured for human consumption, and we strictly comply with all relevant regulations and requirements. Our company's products are regularly tested by accredited laboratories and meet the <strong>strictest domestic and international quality standards.<\/strong>\n\nDuring production and manufacturing, we use the most advanced technologies, as <strong>these supplements are created with the purpose of making us healthier.<\/strong><\/p><\/div>\t\t\t\t\t\t\t\t<\/div>\n\t\t\t\t<\/div>\n\t\t\t\t<div class=\"elementor-element elementor-element-1d34646 elementor-widget elementor-widget-heading\" data-id=\"1d34646\" data-element_type=\"widget\" data-e-type=\"widget\" data-widget_type=\"heading.default\">\n\t\t\t\t<div class=\"elementor-widget-container\">\n\t\t\t\t\t<h3 class=\"elementor-heading-title elementor-size-default\">Beginnings...<\/h3>\t\t\t\t<\/div>\n\t\t\t\t<\/div>\n\t\t\t\t<div class=\"elementor-element elementor-element-461536e elementor-widget elementor-widget-text-editor\" data-id=\"461536e\" data-element_type=\"widget\" data-e-type=\"widget\" data-widget_type=\"text-editor.default\">\n\t\t\t\t<div class=\"elementor-widget-container\">\n\t\t\t\t\t\t\t\t\t<p><img decoding=\"async\" class=\"; wp-image-352 alignleft\" style=\"float: left; margin: 0px 15px 15px 0px;\" src=\"https:\/\/speltavita.hu\/wp-content\/uploads\/2025\/06\/Casa-zelenog-soka-300x200.jpg\" alt=\"\" width=\"350\" height=\"233\" srcset=\"https:\/\/speltavita.hu\/wp-content\/uploads\/2025\/06\/Casa-zelenog-soka-300x200.jpg 300w, https:\/\/speltavita.hu\/wp-content\/uploads\/2025\/06\/Casa-zelenog-soka-600x400.jpg 600w, https:\/\/speltavita.hu\/wp-content\/uploads\/2025\/06\/Casa-zelenog-soka.jpg 615w\" sizes=\"(max-width: 350px) 100vw, 350px\" \/><\/p>\n<div>\n<p><span lang=\"HU\">Like every family business, we have our own story about the beginnings. Our first steps were far from easy, but all the more necessary. For us, <\/span><strong><span lang=\"HU\">green wheatgrass juice<\/span><\/strong><span class=\"apple-converted-space\"><span lang=\"HU\">&nbsp;<\/span><\/span><span lang=\"HU\">was the way out. Our company wouldn\u2019t exist without Dr. Ann Wigmore from America, who discovered the incredible power hidden in green leaves. We will be forever grateful to her.<\/span><\/p>\n<\/div>\n<div>\n<p class=\"translation-block\">My father, <strong>M\u00e1ty\u00e1s N\u00e9met,<\/strong> did everything he could to help his grandson, who was struggling with serious health issues, begin the path to recovery. He found green wheatgrass juice, which contributed greatly to the full healing. After this successful battle, my father decided not to keep this experience to a small circle but to share it with a wider audience. At the age of 70, with the support of my mother, Zsuzsanna N\u00e9met, he founded our family business.<\/p>\n<\/div>\n<div>\n<p><span lang=\"HU\">Over the years, we have implemented numerous improvements and gained a wealth of knowledge and experience. All of this motivated us to become even better and more effective. My father felt it was his calling to help people, and I have inherited this sense of vocation as a legacy. I had the opportunity to join the family business, and after five years full of work and learning, my father entrusted me fully with production and manufacturing. Since 2014, I have been carrying on the family legacy and leading the company without interruption.<\/span><\/p>\n<\/div>\t\t\t\t\t\t\t\t<\/div>\n\t\t\t\t<\/div>\n\t\t\t\t<div class=\"elementor-element elementor-element-750545f elementor-widget elementor-widget-heading\" data-id=\"750545f\" data-element_type=\"widget\" data-e-type=\"widget\" data-widget_type=\"heading.default\">\n\t\t\t\t<div class=\"elementor-widget-container\">\n\t\t\t\t\t<h3 class=\"elementor-heading-title elementor-size-default\">We are here now...<\/h3>\t\t\t\t<\/div>\n\t\t\t\t<\/div>\n\t\t\t\t<div class=\"elementor-element elementor-element-d8900ee elementor-widget elementor-widget-text-editor\" data-id=\"d8900ee\" data-element_type=\"widget\" data-e-type=\"widget\" data-widget_type=\"text-editor.default\">\n\t\t\t\t<div class=\"elementor-widget-container\">\n\t\t\t\t\t\t\t\t\t<p><a href=\"https:\/\/speltavita.hu\/wp-content\/uploads\/2025\/06\/Speltina-trava.jpg\"><img decoding=\"async\" class=\"alignright wp-image-670 size-medium\" style=\"float: right; margin: 0px 0px 15px 15px;\" src=\"https:\/\/speltavita.hu\/wp-content\/uploads\/2025\/06\/Speltina-trava-300x214.jpg\" alt=\"\" width=\"300\" height=\"214\" srcset=\"https:\/\/speltavita.hu\/wp-content\/uploads\/2025\/06\/Speltina-trava-300x214.jpg 300w, https:\/\/speltavita.hu\/wp-content\/uploads\/2025\/06\/Speltina-trava-18x12.jpg 18w, https:\/\/speltavita.hu\/wp-content\/uploads\/2025\/06\/Speltina-trava.jpg 569w\" sizes=\"(max-width: 300px) 100vw, 300px\" \/><\/a><\/p><div><p><span lang=\"HU\">Since 2014, we have introduced numerous new products, received national and international recognitions, and, most importantly for us, contributed to improving the health of many people.<\/span><\/p><\/div><div><p class=\"translation-block\"><strong>In 2020, we went through a renewal:<\/strong> we redesigned all of our packaging, and our products received a unified name \u2014 <strong>Spelta Vita.<\/strong><\/p><\/div><div><p><span lang=\"HU\">Spelta Vita is not just a product brand, but a lifestyle that encourages finding balance. It respects its roots but keeps pace with change, adapting to the challenges of today.<\/span><\/p><\/div><div><p class=\"translation-block\"><b>In 2021 new products have been introduced<\/b> under the name of <b>Spelta Vita ORIGINAL, Spelta Vita INSTANT, Spelta Vita ENERGY and SPELTINO. <\/b>The introduction of new technologies in production allowed us to maintain the peak quality of our products while making their consumption and transport simpler. Our range now includes freeze-dried powders and capsules alongside the previously available frozen juices.<\/p><\/div><div><p class=\"translation-block\"><b>In 2023,<\/b> the Intellectual Property Office of the Republic of Serbia awarded our company the <b>National Entrepreneurial Award<\/b> from the World Intellectual Property Organization (WIPO) for the valuable industrial application of intellectual property, recognizing our family manufactory\u2019s success in trademarking our products.<\/p><\/div><div><p class=\"translation-block\"><b>Also in 2023,<\/b> we won the award from the Serbian Association of Businesswomen for the <b>Most Successful Female Entrepreneurs<\/b> in the Innovation category.<\/p><\/div><div><p class=\"translation-block\">However, I did not achieve all this alone \u2014 my husband <b>\u00c1rp\u00e1d<\/b> and my mother <b>Zsuzsanna<\/b> have been my support and help. Special thanks go to our diligent colleagues whose expertise and positive attitude contribute to the excellent quality of our products.<\/p><\/div><div><p class=\"translation-block\">My name is <b>Klementina Kov\u00e1cs N\u00e9met,<\/b> and I am proud to continue this beautiful and responsible work.<\/p><\/div>\t\t\t\t\t\t\t\t<\/div>\n\t\t\t\t<\/div>\n\t\t\t\t<\/div>\n\t\t\t\t\t<\/div>\n\t\t\t\t<\/div>\n\t\t<div class=\"elementor-element elementor-element-b75bfa8 e-flex e-con-boxed e-con e-parent\" data-id=\"b75bfa8\" data-element_type=\"container\" data-e-type=\"container\">\n\t\t\t\t\t<div class=\"e-con-inner\">\n\t\t\t\t<div class=\"elementor-element elementor-element-d0b9ffd e-grid-align-left elementor-shape-rounded elementor-grid-0 elementor-widget elementor-widget-social-icons\" data-id=\"d0b9ffd\" data-element_type=\"widget\" data-e-type=\"widget\" data-widget_type=\"social-icons.default\">\n\t\t\t\t<div class=\"elementor-widget-container\">\n\t\t\t\t\t\t\t<div class=\"elementor-social-icons-wrapper elementor-grid\" role=\"list\">\n\t\t\t\t\t\t\t<span class=\"elementor-grid-item\" role=\"listitem\">\n\t\t\t\t\t<a class=\"elementor-icon elementor-social-icon elementor-social-icon-facebook elementor-repeater-item-4f6d671\" target=\"_blank\">\n\t\t\t\t\t\t<span class=\"elementor-screen-only\">Facebook<\/span>\n\t\t\t\t\t\t<svg aria-hidden=\"true\" class=\"e-font-icon-svg e-fab-facebook\" viewbox=\"0 0 512 512\" xmlns=\"http:\/\/www.w3.org\/2000\/svg\"><path d=\"M504 256C504 119 393 8 256 8S8 119 8 256c0 123.78 90.69 226.38 209.25 245V327.69h-63V256h63v-54.64c0-62.15 37-96.48 93.67-96.48 27.14 0 55.52 4.84 55.52 4.84v61h-31.28c-30.8 0-40.41 19.12-40.41 38.73V256h68.78l-11 71.69h-57.78V501C413.31 482.38 504 379.78 504 256z\"><\/path><\/svg>\t\t\t\t\t<\/a>\n\t\t\t\t<\/span>\n\t\t\t\t\t\t\t<span class=\"elementor-grid-item\" role=\"listitem\">\n\t\t\t\t\t<a class=\"elementor-icon elementor-social-icon elementor-social-icon-twitter elementor-repeater-item-7212861\" target=\"_blank\">\n\t\t\t\t\t\t<span class=\"elementor-screen-only\">Twitter<\/span>\n\t\t\t\t\t\t<svg aria-hidden=\"true\" class=\"e-font-icon-svg e-fab-twitter\" viewbox=\"0 0 512 512\" xmlns=\"http:\/\/www.w3.org\/2000\/svg\"><path d=\"M459.37 151.716c.325 4.548.325 9.097.325 13.645 0 138.72-105.583 298.558-298.558 298.558-59.452 0-114.68-17.219-161.137-47.106 8.447.974 16.568 1.299 25.34 1.299 49.055 0 94.213-16.568 130.274-44.832-46.132-.975-84.792-31.188-98.112-72.772 6.498.974 12.995 1.624 19.818 1.624 9.421 0 18.843-1.3 27.614-3.573-48.081-9.747-84.143-51.98-84.143-102.985v-1.299c13.969 7.797 30.214 12.67 47.431 13.319-28.264-18.843-46.781-51.005-46.781-87.391 0-19.492 5.197-37.36 14.294-52.954 51.655 63.675 129.3 105.258 216.365 109.807-1.624-7.797-2.599-15.918-2.599-24.04 0-57.828 46.782-104.934 104.934-104.934 30.213 0 57.502 12.67 76.67 33.137 23.715-4.548 46.456-13.32 66.599-25.34-7.798 24.366-24.366 44.833-46.132 57.827 21.117-2.273 41.584-8.122 60.426-16.243-14.292 20.791-32.161 39.308-52.628 54.253z\"><\/path><\/svg>\t\t\t\t\t<\/a>\n\t\t\t\t<\/span>\n\t\t\t\t\t\t\t<span class=\"elementor-grid-item\" role=\"listitem\">\n\t\t\t\t\t<a class=\"elementor-icon elementor-social-icon elementor-social-icon-youtube elementor-repeater-item-a96dbb3\" target=\"_blank\">\n\t\t\t\t\t\t<span class=\"elementor-screen-only\">Youtube<\/span>\n\t\t\t\t\t\t<svg aria-hidden=\"true\" class=\"e-font-icon-svg e-fab-youtube\" viewbox=\"0 0 576 512\" xmlns=\"http:\/\/www.w3.org\/2000\/svg\"><path d=\"M549.655 124.083c-6.281-23.65-24.787-42.276-48.284-48.597C458.781 64 288 64 288 64S117.22 64 74.629 75.486c-23.497 6.322-42.003 24.947-48.284 48.597-11.412 42.867-11.412 132.305-11.412 132.305s0 89.438 11.412 132.305c6.281 23.65 24.787 41.5 48.284 47.821C117.22 448 288 448 288 448s170.78 0 213.371-11.486c23.497-6.321 42.003-24.171 48.284-47.821 11.412-42.867 11.412-132.305 11.412-132.305s0-89.438-11.412-132.305zm-317.51 213.508V175.185l142.739 81.205-142.739 81.201z\"><\/path><\/svg>\t\t\t\t\t<\/a>\n\t\t\t\t<\/span>\n\t\t\t\t\t<\/div>\n\t\t\t\t\t\t<\/div>\n\t\t\t\t<\/div>\n\t\t\t\t\t<\/div>\n\t\t\t\t<\/div>\n\t\t\t\t<\/div>","protected":false},"excerpt":{"rendered":"<p>R\u00f3lunk F\u0151oldal \/ R\u00f3lunk Csal\u00e1di manufakt\u00fara, melyet a sz\u00fcks\u00e9g sz\u00fclt. 2007 \u00f3ta, teljes g\u0151zzel \u00e9s rengeteg pozit\u00edv energi\u00e1val. Mi egy csal\u00e1di manufakt\u00fara vagyunk Palicsr\u00f3l. K\u00f6zel 20 \u00e9ve, 2007. \u00f3ta foglalkozunk z\u00f6ld gabonaf\u00fcvekb\u0151l k\u00e9sz\u00fclt italokkal \u00e9s term\u00e9kekkel.\u00a0Hossz\u00fa \u00e9vek tapasztalat\u00e1val \u00e9s elk\u00f6telezetts\u00e9g\u00e9vel kimagasl\u00f3 eredm\u00e9nyeket \u00e9rt\u00fcnk el \u00e9s megszerezt\u00fck fogyaszt\u00f3ink bizalm\u00e1t. K\u00fcldet\u00e9s\u00fcnk, hogy kiv\u00e1l\u00f3 min\u0151s\u00e9g\u0171 term\u00e9keket \u00e1ll\u00edtsunk el\u0151,<\/p>","protected":false},"author":1,"featured_media":0,"parent":0,"menu_order":0,"comment_status":"closed","ping_status":"closed","template":"elementor_header_footer","meta":{"solace_meta_sidebar":"","solace_meta_container":"","solace_meta_enable_content_width":"","solace_meta_content_width":0,"solace_meta_title_alignment":"","solace_meta_author_avatar":"","solace_post_elements_order":"","solace_meta_disable_header":"","solace_meta_disable_footer":"","solace_meta_disable_title":"","footnotes":""},"class_list":["post-80","page","type-page","status-publish","hentry"],"_links":{"self":[{"href":"https:\/\/speltavita.hu\/en\/wp-json\/wp\/v2\/pages\/80","targetHints":{"allow":["GET"]}}],"collection":[{"href":"https:\/\/speltavita.hu\/en\/wp-json\/wp\/v2\/pages"}],"about":[{"href":"https:\/\/speltavita.hu\/en\/wp-json\/wp\/v2\/types\/page"}],"author":[{"embeddable":true,"href":"https:\/\/speltavita.hu\/en\/wp-json\/wp\/v2\/users\/1"}],"replies":[{"embeddable":true,"href":"https:\/\/speltavita.hu\/en\/wp-json\/wp\/v2\/comments?post=80"}],"version-history":[{"count":49,"href":"https:\/\/speltavita.hu\/en\/wp-json\/wp\/v2\/pages\/80\/revisions"}],"predecessor-version":[{"id":844,"href":"https:\/\/speltavita.hu\/en\/wp-json\/wp\/v2\/pages\/80\/revisions\/844"}],"wp:attachment":[{"href":"https:\/\/speltavita.hu\/en\/wp-json\/wp\/v2\/media?parent=80"}],"curies":[{"name":"wp","href":"https:\/\/api.w.org\/{rel}","templated":true}]}}