{"id":253,"date":"2025-06-02T18:33:54","date_gmt":"2025-06-02T18:33:54","guid":{"rendered":"https:\/\/speltavita.hu\/?page_id=253"},"modified":"2025-07-02T14:46:16","modified_gmt":"2025-07-02T14:46:16","slug":"termekek","status":"publish","type":"page","link":"https:\/\/speltavita.hu\/en\/termekek\/","title":{"rendered":"Products"},"content":{"rendered":"<div data-elementor-type=\"wp-page\" data-elementor-id=\"253\" class=\"elementor elementor-253\">\n\t\t\t\t<div class=\"elementor-element elementor-element-0d621f5 e-flex e-con-boxed e-con e-parent\" data-id=\"0d621f5\" data-element_type=\"container\" data-e-type=\"container\">\n\t\t\t\t\t<div class=\"e-con-inner\">\n\t\t\t\t<div class=\"elementor-element elementor-element-9f8fe09 elementor-widget elementor-widget-heading\" data-id=\"9f8fe09\" data-element_type=\"widget\" data-e-type=\"widget\" data-widget_type=\"heading.default\">\n\t\t\t\t<div class=\"elementor-widget-container\">\n\t\t\t\t\t<h3 class=\"elementor-heading-title elementor-size-default\">Products<\/h3>\t\t\t\t<\/div>\n\t\t\t\t<\/div>\n\t\t\t\t<div class=\"elementor-element elementor-element-8ad1d14 elementor-widget elementor-widget-text-editor\" data-id=\"8ad1d14\" data-element_type=\"widget\" data-e-type=\"widget\" data-widget_type=\"text-editor.default\">\n\t\t\t\t<div class=\"elementor-widget-container\">\n\t\t\t\t\t\t\t\t\t<p><a href=\"https:\/\/speltavita.hu\/en\/\">Main<\/a> Products<\/p>\t\t\t\t\t\t\t\t<\/div>\n\t\t\t\t<\/div>\n\t\t\t\t<div class=\"elementor-element elementor-element-5e4f2d0 elementor-widget elementor-widget-image\" data-id=\"5e4f2d0\" data-element_type=\"widget\" data-e-type=\"widget\" data-widget_type=\"image.default\">\n\t\t\t\t<div class=\"elementor-widget-container\">\n\t\t\t\t\t\t\t\t\t\t\t\t\t\t\t<img decoding=\"async\" width=\"83\" height=\"67\" src=\"https:\/\/speltavita.hu\/wp-content\/uploads\/2025\/06\/headline-ornament.png\" class=\"attachment-large size-large wp-image-264\" alt=\"\" \/>\t\t\t\t\t\t\t\t\t\t\t\t\t\t\t<\/div>\n\t\t\t\t<\/div>\n\t\t\t\t\t<\/div>\n\t\t\t\t<\/div>\n\t\t<div class=\"elementor-element elementor-element-3dfc83c e-flex e-con-boxed e-con e-parent\" data-id=\"3dfc83c\" data-element_type=\"container\" data-e-type=\"container\">\n\t\t\t\t\t<div class=\"e-con-inner\">\n\t\t\t\t<div class=\"elementor-element elementor-element-0ca4941 elementor-widget elementor-widget-heading\" data-id=\"0ca4941\" data-element_type=\"widget\" data-e-type=\"widget\" data-widget_type=\"heading.default\">\n\t\t\t\t<div class=\"elementor-widget-container\">\n\t\t\t\t\t<h2 class=\"elementor-heading-title elementor-size-default\">Discover the Spelta Vita products!<\/h2>\t\t\t\t<\/div>\n\t\t\t\t<\/div>\n\t\t\t\t<div class=\"elementor-element elementor-element-98351ef elementor-widget elementor-widget-text-editor\" data-id=\"98351ef\" data-element_type=\"widget\" data-e-type=\"widget\" data-widget_type=\"text-editor.default\">\n\t\t\t\t<div class=\"elementor-widget-container\">\n\t\t\t\t\t\t\t\t\t<p style=\"font-weight: 400;\"><em>Every Spelta Vita product has its own unique story, one that\u2019s hard to put into words.\u00a0<\/em><\/p><p><em>Give it a try and experience them for yourself, firsthand.<\/em><\/p>\t\t\t\t\t\t\t\t<\/div>\n\t\t\t\t<\/div>\n\t\t\t\t<div class=\"elementor-element elementor-element-e0d990b elementor-widget__width-initial elementor-widget elementor-widget-text-editor\" data-id=\"e0d990b\" data-element_type=\"widget\" data-e-type=\"widget\" data-widget_type=\"text-editor.default\">\n\t\t\t\t<div class=\"elementor-widget-container\">\n\t\t\t\t\t\t\t\t\t<div><p class=\"translation-block\">Our production is based on spelt wheat and barley grown in hotbeds. However, everything starts with <strong>high-quality, uncontaminated soil and pure, naturally sourced seeds, which come from our own certified production or from certified growers.<\/strong><\/p><p>The seeds germinate, and when the green shoots reach a height of ten centimeters, we \"cut\" them and extract the juice by cold pressing. This way, we separate the cellulose fibers from the juice without damaging its quality.<\/p><p class=\"translation-block\">This is followed by rapid freezing. <strong>Freeze-drying (lyophilization) is one of the most sophisticated dehydration methods.<\/strong> Originally developed for drying sensitive pharmaceutical products, it has only recently been applied in the food industry when it is necessary to <strong>preserve all nutrients in the dried product. This process does not involve additives, preservatives, or anti-caking agents.<\/strong> Thanks to this method, our product can now be consumed in powder form or encapsulated, fully preserving all its beneficial components, with a longer shelf life and easier transportability.<\/p><\/div>\t\t\t\t\t\t\t\t<\/div>\n\t\t\t\t<\/div>\n\t\t\t\t\t<\/div>\n\t\t\t\t<\/div>\n\t\t<div class=\"elementor-element elementor-element-faa7083 e-grid e-con-boxed e-con e-parent\" data-id=\"faa7083\" data-element_type=\"container\" data-e-type=\"container\">\n\t\t\t\t\t<div class=\"e-con-inner\">\n\t\t\t\t<div class=\"elementor-element elementor-element-62dca75 elementor-widget elementor-widget-image\" data-id=\"62dca75\" data-element_type=\"widget\" data-e-type=\"widget\" data-widget_type=\"image.default\">\n\t\t\t\t<div class=\"elementor-widget-container\">\n\t\t\t\t\t\t\t\t\t\t\t\t\t\t\t<img fetchpriority=\"high\" decoding=\"async\" width=\"640\" height=\"569\" src=\"https:\/\/speltavita.hu\/wp-content\/uploads\/2025\/06\/Front-Mock-Up-HU-30-Instant-1024x911.png\" class=\"attachment-large size-large wp-image-531\" alt=\"\" srcset=\"https:\/\/speltavita.hu\/wp-content\/uploads\/2025\/06\/Front-Mock-Up-HU-30-Instant-1024x911.png 1024w, https:\/\/speltavita.hu\/wp-content\/uploads\/2025\/06\/Front-Mock-Up-HU-30-Instant-13x12.png 13w\" sizes=\"(max-width: 640px) 100vw, 640px\" \/>\t\t\t\t\t\t\t\t\t\t\t\t\t\t\t<\/div>\n\t\t\t\t<\/div>\n\t\t<div class=\"elementor-element elementor-element-7f678c0 e-con-full e-flex e-con e-child\" data-id=\"7f678c0\" data-element_type=\"container\" data-e-type=\"container\">\n\t\t\t\t<div class=\"elementor-element elementor-element-3b7965a elementor-widget elementor-widget-text-editor\" data-id=\"3b7965a\" data-element_type=\"widget\" data-e-type=\"widget\" data-widget_type=\"text-editor.default\">\n\t\t\t\t<div class=\"elementor-widget-container\">\n\t\t\t\t\t\t\t\t\t<div class=\"elementor-element elementor-element-cfdf2ca elementor-widget elementor-widget-heading\" data-id=\"cfdf2ca\" data-element_type=\"widget\" data-widget_type=\"heading.default\"><div class=\"elementor-widget-container\"><h4 class=\"elementor-heading-title elementor-size-default\">SpeltaVita Instant 30<\/h4><div>\u00a0<\/div><\/div><\/div><div class=\"elementor-element elementor-element-d77452e elementor-widget__width-initial elementor-widget elementor-widget-heading\" data-id=\"d77452e\" data-element_type=\"widget\" data-widget_type=\"heading.default\"><div class=\"elementor-widget-container\"><h6 class=\"elementor-heading-title elementor-size-default\">Freeze-dried, cold-pressed wheatgrass juice that is 24 times more concentrated than wheatgrass itself.<\/h6><div>100% natural food supplement. Immunity, energy, health!<\/div><\/div><\/div><div class=\"elementor-element elementor-element-a796119 elementor-widget elementor-widget-text-editor\" data-id=\"a796119\" data-element_type=\"widget\" data-widget_type=\"text-editor.default\"><div class=\"elementor-widget-container\"><ul><li>Rich in vitamins, minerals, enzymes, trace elements, and chlorophyll<\/li><li>Contains an ideal ratio of proteins, carbohydrates, and fats<\/li><li>Helps restore pH balance, strengthens the immune system, and revitalizes the body<\/li><li>Has a positive effect on circulation, digestion, and hormonal balance<\/li><li>Strengthens bones, balances cholesterol levels, and supports gland function<\/li><li>The package contains 30 sachets<\/li><\/ul><\/div><\/div>\t\t\t\t\t\t\t\t<\/div>\n\t\t\t\t<\/div>\n\t\t\t\t<div class=\"elementor-element elementor-element-bc84ee4 elementor-widget elementor-widget-image\" data-id=\"bc84ee4\" data-element_type=\"widget\" data-e-type=\"widget\" data-widget_type=\"image.default\">\n\t\t\t\t<div class=\"elementor-widget-container\">\n\t\t\t\t\t\t\t\t\t\t\t\t\t\t\t<img decoding=\"async\" width=\"640\" height=\"106\" src=\"https:\/\/speltavita.hu\/wp-content\/uploads\/2025\/07\/Icons-EN.png\" class=\"attachment-large size-large wp-image-661\" alt=\"\" srcset=\"https:\/\/speltavita.hu\/wp-content\/uploads\/2025\/07\/Icons-EN.png 1904w, https:\/\/speltavita.hu\/wp-content\/uploads\/2025\/07\/Icons-EN-300x50.png 300w, https:\/\/speltavita.hu\/wp-content\/uploads\/2025\/07\/Icons-EN-1024x170.png 1024w, https:\/\/speltavita.hu\/wp-content\/uploads\/2025\/07\/Icons-EN-768x128.png 768w, https:\/\/speltavita.hu\/wp-content\/uploads\/2025\/07\/Icons-EN-1536x256.png 1536w, https:\/\/speltavita.hu\/wp-content\/uploads\/2025\/07\/Icons-EN-18x3.png 18w, https:\/\/speltavita.hu\/wp-content\/uploads\/2025\/07\/Icons-EN-600x100.png 600w\" sizes=\"(max-width: 640px) 100vw, 640px\" \/>\t\t\t\t\t\t\t\t\t\t\t\t\t\t\t<\/div>\n\t\t\t\t<\/div>\n\t\t<div class=\"elementor-element elementor-element-aeda0be e-con-full e-flex e-con e-child\" data-id=\"aeda0be\" data-element_type=\"container\" data-e-type=\"container\">\n\t\t\t\t<div class=\"elementor-element elementor-element-8b029a4 elementor-align-center elementor-widget__width-initial elementor-widget elementor-widget-button\" data-id=\"8b029a4\" data-element_type=\"widget\" data-e-type=\"widget\" data-widget_type=\"button.default\">\n\t\t\t\t<div class=\"elementor-widget-container\">\n\t\t\t\t\t\t\t\t\t<div class=\"elementor-button-wrapper\">\n\t\t\t\t\t<a class=\"elementor-button elementor-button-link elementor-size-sm\" href=\"https:\/\/speltavita.hu\/en\/product\/speltavita-instant-30\/\">\n\t\t\t\t\t\t<span class=\"elementor-button-content-wrapper\">\n\t\t\t\t\t\t\t\t\t<span class=\"elementor-button-text\">Details<\/span>\n\t\t\t\t\t<\/span>\n\t\t\t\t\t<\/a>\n\t\t\t\t<\/div>\n\t\t\t\t\t\t\t\t<\/div>\n\t\t\t\t<\/div>\n\t\t<div class=\"elementor-element elementor-element-9493c8e e-con-full e-flex e-con e-child\" data-id=\"9493c8e\" data-element_type=\"container\" data-e-type=\"container\">\n\t\t\t\t<div class=\"elementor-element elementor-element-e92572b elementor-widget elementor-widget-text-editor\" data-id=\"e92572b\" data-element_type=\"widget\" data-e-type=\"widget\" data-widget_type=\"text-editor.default\">\n\t\t\t\t<div class=\"elementor-widget-container\">\n\t\t\t\t\t\t\t\t\t<p>21.999 HUF<\/p>\t\t\t\t\t\t\t\t<\/div>\n\t\t\t\t<\/div>\n\t\t\t\t<\/div>\n\t\t\t\t<\/div>\n\t\t\t\t<\/div>\n\t\t\t\t<div class=\"elementor-element elementor-element-c0cd885 elementor-widget elementor-widget-image\" data-id=\"c0cd885\" data-element_type=\"widget\" data-e-type=\"widget\" data-widget_type=\"image.default\">\n\t\t\t\t<div class=\"elementor-widget-container\">\n\t\t\t\t\t\t\t\t\t\t\t\t\t\t\t<img loading=\"lazy\" decoding=\"async\" width=\"640\" height=\"668\" src=\"https:\/\/speltavita.hu\/wp-content\/uploads\/2025\/06\/energycs-981x1024.png\" class=\"attachment-large size-large wp-image-598\" alt=\"\" srcset=\"https:\/\/speltavita.hu\/wp-content\/uploads\/2025\/06\/energycs-981x1024.png 981w, https:\/\/speltavita.hu\/wp-content\/uploads\/2025\/06\/energycs-287x300.png 287w, https:\/\/speltavita.hu\/wp-content\/uploads\/2025\/06\/energycs-768x802.png 768w, https:\/\/speltavita.hu\/wp-content\/uploads\/2025\/06\/energycs-1472x1536.png 1472w, https:\/\/speltavita.hu\/wp-content\/uploads\/2025\/06\/energycs-1962x2048.png 1962w, https:\/\/speltavita.hu\/wp-content\/uploads\/2025\/06\/energycs-600x626.png 600w\" sizes=\"(max-width: 640px) 100vw, 640px\" \/>\t\t\t\t\t\t\t\t\t\t\t\t\t\t\t<\/div>\n\t\t\t\t<\/div>\n\t\t<div class=\"elementor-element elementor-element-565871a e-con-full e-flex e-con e-child\" data-id=\"565871a\" data-element_type=\"container\" data-e-type=\"container\">\n\t\t\t\t<div class=\"elementor-element elementor-element-4ca3fb9 elementor-widget elementor-widget-text-editor\" data-id=\"4ca3fb9\" data-element_type=\"widget\" data-e-type=\"widget\" data-widget_type=\"text-editor.default\">\n\t\t\t\t<div class=\"elementor-widget-container\">\n\t\t\t\t\t\t\t\t\t<div class=\"elementor-element elementor-element-cfdf2ca elementor-widget elementor-widget-heading\" data-id=\"cfdf2ca\" data-element_type=\"widget\" data-widget_type=\"heading.default\"><div class=\"elementor-widget-container\"><h4 class=\"elementor-heading-title elementor-size-default\">SpeltaVita Energy 20<\/h4><div>\u00a0<\/div><\/div><\/div><div class=\"elementor-element elementor-element-d77452e elementor-widget__width-initial elementor-widget elementor-widget-heading\" data-id=\"d77452e\" data-element_type=\"widget\" data-widget_type=\"heading.default\"><div class=\"elementor-widget-container\"><h6 class=\"elementor-heading-title elementor-size-default\">100% natural, freeze-dried barley grass juice, 24x concentrate.<\/h6><div>Stay active with Spelta Vita ENERGY \u2014 energy that lasts all day!<\/div><div>\u00a0<\/div><\/div><\/div><div class=\"elementor-element elementor-element-a796119 elementor-widget elementor-widget-text-editor\" data-id=\"a796119\" data-element_type=\"widget\" data-widget_type=\"text-editor.default\"><div class=\"elementor-widget-container\"><ul><li>Rich in vitamins, minerals, enzymes, trace elements, and chlorophyll<\/li><li>Contains an ideal ratio of proteins, carbohydrates, and fats<\/li><li>Helps restore pH balance, strengthens the immune system, and revitalizes the body<\/li><li>Its high protein content makes it excellent for athletes<\/li><li>Contains 18 amino acids, making it a unique dietary supplement<\/li><li>The package contains 20 sachets<\/li><\/ul><\/div><\/div>\t\t\t\t\t\t\t\t<\/div>\n\t\t\t\t<\/div>\n\t\t\t\t<div class=\"elementor-element elementor-element-c349832 elementor-widget elementor-widget-image\" data-id=\"c349832\" data-element_type=\"widget\" data-e-type=\"widget\" data-widget_type=\"image.default\">\n\t\t\t\t<div class=\"elementor-widget-container\">\n\t\t\t\t\t\t\t\t\t\t\t\t\t\t\t<img loading=\"lazy\" decoding=\"async\" width=\"640\" height=\"117\" src=\"https:\/\/speltavita.hu\/wp-content\/uploads\/2025\/07\/Icon-EN-arpa.png\" class=\"attachment-large size-large wp-image-662\" alt=\"\" srcset=\"https:\/\/speltavita.hu\/wp-content\/uploads\/2025\/07\/Icon-EN-arpa.png 1901w, https:\/\/speltavita.hu\/wp-content\/uploads\/2025\/07\/Icon-EN-arpa-300x55.png 300w, https:\/\/speltavita.hu\/wp-content\/uploads\/2025\/07\/Icon-EN-arpa-1024x187.png 1024w, https:\/\/speltavita.hu\/wp-content\/uploads\/2025\/07\/Icon-EN-arpa-768x140.png 768w, https:\/\/speltavita.hu\/wp-content\/uploads\/2025\/07\/Icon-EN-arpa-1536x280.png 1536w, https:\/\/speltavita.hu\/wp-content\/uploads\/2025\/07\/Icon-EN-arpa-18x3.png 18w, https:\/\/speltavita.hu\/wp-content\/uploads\/2025\/07\/Icon-EN-arpa-600x110.png 600w\" sizes=\"(max-width: 640px) 100vw, 640px\" \/>\t\t\t\t\t\t\t\t\t\t\t\t\t\t\t<\/div>\n\t\t\t\t<\/div>\n\t\t<div class=\"elementor-element elementor-element-9a9404b e-con-full e-flex e-con e-child\" data-id=\"9a9404b\" data-element_type=\"container\" data-e-type=\"container\">\n\t\t\t\t<div class=\"elementor-element elementor-element-7a524cf elementor-align-center elementor-widget__width-initial elementor-widget elementor-widget-button\" data-id=\"7a524cf\" data-element_type=\"widget\" data-e-type=\"widget\" data-widget_type=\"button.default\">\n\t\t\t\t<div class=\"elementor-widget-container\">\n\t\t\t\t\t\t\t\t\t<div class=\"elementor-button-wrapper\">\n\t\t\t\t\t<a class=\"elementor-button elementor-button-link elementor-size-sm\" href=\"https:\/\/speltavita.hu\/en\/product\/speltavita-energy-20\/\">\n\t\t\t\t\t\t<span class=\"elementor-button-content-wrapper\">\n\t\t\t\t\t\t\t\t\t<span class=\"elementor-button-text\">Details<\/span>\n\t\t\t\t\t<\/span>\n\t\t\t\t\t<\/a>\n\t\t\t\t<\/div>\n\t\t\t\t\t\t\t\t<\/div>\n\t\t\t\t<\/div>\n\t\t<div class=\"elementor-element elementor-element-f5ef762 e-con-full e-flex e-con e-child\" data-id=\"f5ef762\" data-element_type=\"container\" data-e-type=\"container\">\n\t\t\t\t<div class=\"elementor-element elementor-element-7a45eff elementor-widget elementor-widget-text-editor\" data-id=\"7a45eff\" data-element_type=\"widget\" data-e-type=\"widget\" data-widget_type=\"text-editor.default\">\n\t\t\t\t<div class=\"elementor-widget-container\">\n\t\t\t\t\t\t\t\t\t<p>17.999 HUF<\/p>\t\t\t\t\t\t\t\t<\/div>\n\t\t\t\t<\/div>\n\t\t\t\t<\/div>\n\t\t\t\t<\/div>\n\t\t\t\t<\/div>\n\t\t\t\t<div class=\"elementor-element elementor-element-2e1524b elementor-widget elementor-widget-image\" data-id=\"2e1524b\" data-element_type=\"widget\" data-e-type=\"widget\" data-widget_type=\"image.default\">\n\t\t\t\t<div class=\"elementor-widget-container\">\n\t\t\t\t\t\t\t\t\t\t\t\t\t\t\t<img loading=\"lazy\" decoding=\"async\" width=\"640\" height=\"922\" src=\"https:\/\/speltavita.hu\/wp-content\/uploads\/2025\/06\/Immuno-cs-711x1024.png\" class=\"attachment-large size-large wp-image-596\" alt=\"\" srcset=\"https:\/\/speltavita.hu\/wp-content\/uploads\/2025\/06\/Immuno-cs-711x1024.png 711w, https:\/\/speltavita.hu\/wp-content\/uploads\/2025\/06\/Immuno-cs-208x300.png 208w, https:\/\/speltavita.hu\/wp-content\/uploads\/2025\/06\/Immuno-cs-768x1106.png 768w, https:\/\/speltavita.hu\/wp-content\/uploads\/2025\/06\/Immuno-cs-1066x1536.png 1066w, https:\/\/speltavita.hu\/wp-content\/uploads\/2025\/06\/Immuno-cs-1422x2048.png 1422w, https:\/\/speltavita.hu\/wp-content\/uploads\/2025\/06\/Immuno-cs-600x864.png 600w, https:\/\/speltavita.hu\/wp-content\/uploads\/2025\/06\/Immuno-cs-scaled-e1751315538279.png 1668w\" sizes=\"(max-width: 640px) 100vw, 640px\" \/>\t\t\t\t\t\t\t\t\t\t\t\t\t\t\t<\/div>\n\t\t\t\t<\/div>\n\t\t<div class=\"elementor-element elementor-element-c275281 e-con-full e-flex e-con e-child\" data-id=\"c275281\" data-element_type=\"container\" data-e-type=\"container\">\n\t\t\t\t<div class=\"elementor-element elementor-element-ab1a029 elementor-widget elementor-widget-text-editor\" data-id=\"ab1a029\" data-element_type=\"widget\" data-e-type=\"widget\" data-widget_type=\"text-editor.default\">\n\t\t\t\t<div class=\"elementor-widget-container\">\n\t\t\t\t\t\t\t\t\t<div class=\"elementor-element elementor-element-cfdf2ca elementor-widget elementor-widget-heading\" data-id=\"cfdf2ca\" data-element_type=\"widget\" data-widget_type=\"heading.default\">\n<div class=\"elementor-widget-container\">\n<h4 class=\"elementor-heading-title elementor-size-default\">SpeltaVita Immuno+<\/h4>\n<div>&nbsp;<\/div>\n<\/div>\n<\/div>\n<div class=\"elementor-element elementor-element-d77452e elementor-widget__width-initial elementor-widget elementor-widget-heading\" data-id=\"d77452e\" data-element_type=\"widget\" data-widget_type=\"heading.default\">\n<div class=\"elementor-widget-container\">\n<h6 class=\"elementor-heading-title elementor-size-default\">Freeze-dried, cold-pressed wheatgrass juice that is 24 times more concentrated than wheatgrass itself.<\/h6>\n<div>100% natural food supplement. Immunity, energy, health!<\/div>\n<\/div>\n<\/div>\n<div class=\"elementor-element elementor-element-a796119 elementor-widget elementor-widget-text-editor\" data-id=\"a796119\" data-element_type=\"widget\" data-widget_type=\"text-editor.default\">\n<div class=\"elementor-widget-container\">\n<ul>\n<li>Rich in vitamins, minerals, enzymes, trace elements, and chlorophyll<\/li>\n<li>Contains an ideal ratio of proteins, carbohydrates, and fats<\/li>\n<li>Helps restore pH balance, strengthens the immune system, and revitalizes the body<\/li>\n<li>Has a positive effect on circulation, digestion, and hormonal balance<\/li>\n<li>Strengthens bones, balances cholesterol levels, and supports gland function<\/li>\n<li>The package contains 30 sachets<\/li>\n<\/ul>\n<\/div>\n<\/div>\t\t\t\t\t\t\t\t<\/div>\n\t\t\t\t<\/div>\n\t\t\t\t<div class=\"elementor-element elementor-element-161eb6b elementor-widget elementor-widget-image\" data-id=\"161eb6b\" data-element_type=\"widget\" data-e-type=\"widget\" data-widget_type=\"image.default\">\n\t\t\t\t<div class=\"elementor-widget-container\">\n\t\t\t\t\t\t\t\t\t\t\t\t\t\t\t<img decoding=\"async\" width=\"640\" height=\"106\" src=\"https:\/\/speltavita.hu\/wp-content\/uploads\/2025\/07\/Icons-EN.png\" class=\"attachment-large size-large wp-image-661\" alt=\"\" srcset=\"https:\/\/speltavita.hu\/wp-content\/uploads\/2025\/07\/Icons-EN.png 1904w, https:\/\/speltavita.hu\/wp-content\/uploads\/2025\/07\/Icons-EN-300x50.png 300w, https:\/\/speltavita.hu\/wp-content\/uploads\/2025\/07\/Icons-EN-1024x170.png 1024w, https:\/\/speltavita.hu\/wp-content\/uploads\/2025\/07\/Icons-EN-768x128.png 768w, https:\/\/speltavita.hu\/wp-content\/uploads\/2025\/07\/Icons-EN-1536x256.png 1536w, https:\/\/speltavita.hu\/wp-content\/uploads\/2025\/07\/Icons-EN-18x3.png 18w, https:\/\/speltavita.hu\/wp-content\/uploads\/2025\/07\/Icons-EN-600x100.png 600w\" sizes=\"(max-width: 640px) 100vw, 640px\" \/>\t\t\t\t\t\t\t\t\t\t\t\t\t\t\t<\/div>\n\t\t\t\t<\/div>\n\t\t<div class=\"elementor-element elementor-element-7d0ca5f e-con-full e-flex e-con e-child\" data-id=\"7d0ca5f\" data-element_type=\"container\" data-e-type=\"container\">\n\t\t\t\t<div class=\"elementor-element elementor-element-cf25a08 elementor-align-center elementor-widget__width-initial elementor-widget elementor-widget-button\" data-id=\"cf25a08\" data-element_type=\"widget\" data-e-type=\"widget\" data-widget_type=\"button.default\">\n\t\t\t\t<div class=\"elementor-widget-container\">\n\t\t\t\t\t\t\t\t\t<div class=\"elementor-button-wrapper\">\n\t\t\t\t\t<a class=\"elementor-button elementor-button-link elementor-size-sm\" href=\"https:\/\/speltavita.hu\/en\/product\/speltavita-immuno\/\">\n\t\t\t\t\t\t<span class=\"elementor-button-content-wrapper\">\n\t\t\t\t\t\t\t\t\t<span class=\"elementor-button-text\">Details<\/span>\n\t\t\t\t\t<\/span>\n\t\t\t\t\t<\/a>\n\t\t\t\t<\/div>\n\t\t\t\t\t\t\t\t<\/div>\n\t\t\t\t<\/div>\n\t\t<div class=\"elementor-element elementor-element-4d46ff5 e-con-full e-flex e-con e-child\" data-id=\"4d46ff5\" data-element_type=\"container\" data-e-type=\"container\">\n\t\t\t\t<div class=\"elementor-element elementor-element-c0a5ef6 elementor-widget elementor-widget-text-editor\" data-id=\"c0a5ef6\" data-element_type=\"widget\" data-e-type=\"widget\" data-widget_type=\"text-editor.default\">\n\t\t\t\t<div class=\"elementor-widget-container\">\n\t\t\t\t\t\t\t\t\t<p>15.999 HUF<\/p>\t\t\t\t\t\t\t\t<\/div>\n\t\t\t\t<\/div>\n\t\t\t\t<\/div>\n\t\t\t\t<\/div>\n\t\t\t\t<\/div>\n\t\t\t\t\t<\/div>\n\t\t\t\t<\/div>\n\t\t\t\t<\/div>","protected":false},"excerpt":{"rendered":"<p>Term\u00e9keink F\u0151oldal \/ Term\u00e9kek Ismerje meg a Spelta Vita term\u00e9keket! Minden Spelta Vita term\u00e9k egy k\u00fcl\u00f6n t\u00f6rt\u00e9net, melyet neh\u00e9z szavakba \u00f6nteni.\u00a0 Tegyen egy pr\u00f3b\u00e1t \u00e9s ismerje meg azokat \u00d6n is, els\u0151k\u00e9zb\u0151l. Termel\u00e9s\u00fcnk alapja a meleg\u00e1gyakban termesztett t\u00f6nk\u00f6lyb\u00faza \u00e9s \u00e1rpa. Minden azonban a min\u0151s\u00e9gi, szennyezetlen talajb\u00f3l \u00e9s tiszta, term\u00e9szetes eredet\u0171 magb\u00f3l indul ki, ami saj\u00e1t tan\u00fas\u00edtott<\/p>","protected":false},"author":1,"featured_media":0,"parent":0,"menu_order":0,"comment_status":"closed","ping_status":"closed","template":"","meta":{"solace_meta_sidebar":"","solace_meta_container":"","solace_meta_enable_content_width":"","solace_meta_content_width":0,"solace_meta_title_alignment":"","solace_meta_author_avatar":"","solace_post_elements_order":"","solace_meta_disable_header":"","solace_meta_disable_footer":"","solace_meta_disable_title":"","footnotes":""},"class_list":["post-253","page","type-page","status-publish","hentry"],"_links":{"self":[{"href":"https:\/\/speltavita.hu\/en\/wp-json\/wp\/v2\/pages\/253","targetHints":{"allow":["GET"]}}],"collection":[{"href":"https:\/\/speltavita.hu\/en\/wp-json\/wp\/v2\/pages"}],"about":[{"href":"https:\/\/speltavita.hu\/en\/wp-json\/wp\/v2\/types\/page"}],"author":[{"embeddable":true,"href":"https:\/\/speltavita.hu\/en\/wp-json\/wp\/v2\/users\/1"}],"replies":[{"embeddable":true,"href":"https:\/\/speltavita.hu\/en\/wp-json\/wp\/v2\/comments?post=253"}],"version-history":[{"count":79,"href":"https:\/\/speltavita.hu\/en\/wp-json\/wp\/v2\/pages\/253\/revisions"}],"predecessor-version":[{"id":728,"href":"https:\/\/speltavita.hu\/en\/wp-json\/wp\/v2\/pages\/253\/revisions\/728"}],"wp:attachment":[{"href":"https:\/\/speltavita.hu\/en\/wp-json\/wp\/v2\/media?parent=253"}],"curies":[{"name":"wp","href":"https:\/\/api.w.org\/{rel}","templated":true}]}}